{"id":103248,"date":"2017-03-22T23:31:20","date_gmt":"2017-03-22T23:31:20","guid":{"rendered":"http:\/\/keramika.holest.com\/slovenija\/product\/vives-vanguard-village-mora\/"},"modified":"2026-01-02T00:03:31","modified_gmt":"2026-01-02T00:03:31","slug":"vives-vanguard-village-mora","status":"publish","type":"product","link":"https:\/\/www.keramika.com\/slovenija\/vives-vanguard-village-mora\/","title":{"rendered":"Vives Vanguard Village Mora"},"content":{"rendered":"<p>Ta plo\u0161\u010dica je debela 8 mm in je zelo trpe\u017ena. Vives Vanguard Village Mora prihaja iz \u0160panije, ki je znana po zelo kvalitetni keramiki v svetovnem merilu. Redna cena te plo\u0161\u010dice v maloprodaji zna\u0161a 200 EUR, v na\u0161i spletni trgovini pa jo lahko dobite \u017ee za 160 EUR. Ta model plo\u0161\u010dice se najbolje prodaja v vijoli\u010dni barvi. Velikost te plo\u0161\u010dice je 30&#215;30 cm.<\/p>\n<p>Kliknite na ime kolekcije za ogled vseh plo\u0161\u010dic iz te serije: <a class=\"pdfcatal\" href=\"\/\/www.ceramictiles.com\/pdf\/vives\/catalogue_vives_vanguard.pdf\" onclick=\"recordOutboundLink(this, 'E-mail', 'Description PDF');return false;\">Ceramica Vives Vanguard<\/a><\/p>\n<p>\u010ce \u017eelite naro\u010diti model iz pdf kataloga te kolekcije, nam pi\u0161ite na: <a href=\"mailto:keramoteka.salon@gmail.com\" onclick=\"recordOutboundLink(this, 'E-mail', 'Description mail');return false;\">keramoteka.salon@gmail.com<\/a> ali pa nas pokli\u010dite na: 031 255 900.<\/p>\n","protected":false},"excerpt":{"rendered":"<p>Ta plo\u0161\u010dica je debela 8 mm in je zelo trpe\u017ena. Vives Vanguard Village Mora prihaja iz \u0160panije, ki je znana po zelo kvalitetni keramiki v svetovnem merilu. Redna cena te plo\u0161\u010dice v maloprodaji zna\u0161a 200 EUR, v na\u0161i spletni trgovini pa jo lahko dobite \u017ee za 160 EUR. Ta model plo\u0161\u010dice se najbolje prodaja v [&hellip;]<\/p>\n","protected":false},"featured_media":103249,"template":"","meta":[],"product_cat":[200,230,999,240,999136],"product_tag":[],"_links":{"self":[{"href":"https:\/\/www.keramika.com\/slovenija\/wp-json\/wp\/v2\/product\/103248"}],"collection":[{"href":"https:\/\/www.keramika.com\/slovenija\/wp-json\/wp\/v2\/product"}],"about":[{"href":"https:\/\/www.keramika.com\/slovenija\/wp-json\/wp\/v2\/types\/product"}],"wp:featuredmedia":[{"embeddable":true,"href":"https:\/\/www.keramika.com\/slovenija\/wp-json\/wp\/v2\/media\/103249"}],"wp:attachment":[{"href":"https:\/\/www.keramika.com\/slovenija\/wp-json\/wp\/v2\/media?parent=103248"}],"wp:term":[{"taxonomy":"product_cat","embeddable":true,"href":"https:\/\/www.keramika.com\/slovenija\/wp-json\/wp\/v2\/product_cat?post=103248"},{"taxonomy":"product_tag","embeddable":true,"href":"https:\/\/www.keramika.com\/slovenija\/wp-json\/wp\/v2\/product_tag?post=103248"}],"curies":[{"name":"wp","href":"https:\/\/api.w.org\/{rel}","templated":true}]}}