{"id":103236,"date":"2017-03-22T23:31:01","date_gmt":"2017-03-22T23:31:01","guid":{"rendered":"http:\/\/keramika.holest.com\/slovenija\/product\/vives-tagore-rosa\/"},"modified":"2026-01-02T00:03:30","modified_gmt":"2026-01-02T00:03:30","slug":"vives-tagore-rosa","status":"publish","type":"product","link":"https:\/\/www.keramika.com\/slovenija\/vives-tagore-rosa\/","title":{"rendered":"Vives Tagore Rosa"},"content":{"rendered":"<p>Keramika v roza barvi popestri vsak prostor. 11 mm debeline je dovolj tudi za zahtevnej\u0161e kupce. Vives Tagore Rosa je plo\u0161\u010dica proizvajalca Ceramica Vives in prihaja iz \u0160panije. Z 20&#215;50 cm je ta plo\u0161\u010dica primerna za razli\u010dne podlage. Namesto 36,88 EUR kot bi za to plo\u0161\u010dico od\u0161teli v klasi\u010dni trgovini, boste v na\u0161i spletni prodajalni od\u0161teli le 29,5 EUR.<\/p>\n<p>Kliknite na ime kolekcije za ogled vseh plo\u0161\u010dic iz te serije: <a class=\"pdfcatal\" href=\"\/\/www.ceramictiles.com\/pdf\/vives\/catalogue_vives_tagore.pdf\" onclick=\"recordOutboundLink(this, 'E-mail', 'Description PDF');return false;\">Ceramica Vives Tagore<\/a><\/p>\n<p>\u010ce \u017eelite naro\u010diti model iz pdf kataloga te kolekcije, nam pi\u0161ite na: <a href=\"mailto:keramoteka.salon@gmail.com\" onclick=\"recordOutboundLink(this, 'E-mail', 'Description mail');return false;\">keramoteka.salon@gmail.com<\/a> ali pa nas pokli\u010dite na: 031 255 900.<\/p>\n","protected":false},"excerpt":{"rendered":"<p>Keramika v roza barvi popestri vsak prostor. 11 mm debeline je dovolj tudi za zahtevnej\u0161e kupce. Vives Tagore Rosa je plo\u0161\u010dica proizvajalca Ceramica Vives in prihaja iz \u0160panije. Z 20&#215;50 cm je ta plo\u0161\u010dica primerna za razli\u010dne podlage. Namesto 36,88 EUR kot bi za to plo\u0161\u010dico od\u0161teli v klasi\u010dni trgovini, boste v na\u0161i spletni prodajalni [&hellip;]<\/p>\n","protected":false},"featured_media":103237,"template":"","meta":[],"product_cat":[200,220,999,250,999136],"product_tag":[],"_links":{"self":[{"href":"https:\/\/www.keramika.com\/slovenija\/wp-json\/wp\/v2\/product\/103236"}],"collection":[{"href":"https:\/\/www.keramika.com\/slovenija\/wp-json\/wp\/v2\/product"}],"about":[{"href":"https:\/\/www.keramika.com\/slovenija\/wp-json\/wp\/v2\/types\/product"}],"wp:featuredmedia":[{"embeddable":true,"href":"https:\/\/www.keramika.com\/slovenija\/wp-json\/wp\/v2\/media\/103237"}],"wp:attachment":[{"href":"https:\/\/www.keramika.com\/slovenija\/wp-json\/wp\/v2\/media?parent=103236"}],"wp:term":[{"taxonomy":"product_cat","embeddable":true,"href":"https:\/\/www.keramika.com\/slovenija\/wp-json\/wp\/v2\/product_cat?post=103236"},{"taxonomy":"product_tag","embeddable":true,"href":"https:\/\/www.keramika.com\/slovenija\/wp-json\/wp\/v2\/product_tag?post=103236"}],"curies":[{"name":"wp","href":"https:\/\/api.w.org\/{rel}","templated":true}]}}