{"id":103232,"date":"2017-03-22T23:30:52","date_gmt":"2017-03-22T23:30:52","guid":{"rendered":"http:\/\/keramika.holest.com\/slovenija\/product\/vives-suiseki-grafito\/"},"modified":"2026-01-02T00:03:29","modified_gmt":"2026-01-02T00:03:29","slug":"vives-suiseki-grafito","status":"publish","type":"product","link":"https:\/\/www.keramika.com\/slovenija\/vives-suiseki-grafito\/","title":{"rendered":"Vives Suiseki Grafito"},"content":{"rendered":"<p>Zelo moderna plo\u0161\u010dica v sivi barvi popestri prav vsak prostor. Vives Suiseki Grafito je plo\u0161\u010dica proizvajalca Ceramica Vives in prihaja iz \u0160panije. Plo\u0161\u010dica je debela kar 12 mm, kar jo uvr\u0161\u010da med bolj trde plo\u0161\u010dice. Z 45&#215;90 cm je ta plo\u0161\u010dica primerna za razli\u010dne podlage. 87,03 EUR v klasi\u010dni trgovini, pri nas pa le 69,62 EUR.<\/p>\n<p>Kliknite na ime kolekcije za ogled vseh plo\u0161\u010dic iz te serije: <a class=\"pdfcatal\" href=\"\/\/www.ceramictiles.com\/pdf\/vives\/catalogue_vives_suiseki.pdf\" onclick=\"recordOutboundLink(this, 'E-mail', 'Description PDF');return false;\">Ceramica Vives Suiseki<\/a><\/p>\n<p>\u010ce \u017eelite naro\u010diti model iz pdf kataloga te kolekcije, nam pi\u0161ite na: <a href=\"mailto:keramoteka.salon@gmail.com\" onclick=\"recordOutboundLink(this, 'E-mail', 'Description mail');return false;\">keramoteka.salon@gmail.com<\/a> ali pa nas pokli\u010dite na: 031 255 900.<\/p>\n","protected":false},"excerpt":{"rendered":"<p>Zelo moderna plo\u0161\u010dica v sivi barvi popestri prav vsak prostor. Vives Suiseki Grafito je plo\u0161\u010dica proizvajalca Ceramica Vives in prihaja iz \u0160panije. Plo\u0161\u010dica je debela kar 12 mm, kar jo uvr\u0161\u010da med bolj trde plo\u0161\u010dice. Z 45&#215;90 cm je ta plo\u0161\u010dica primerna za razli\u010dne podlage. 87,03 EUR v klasi\u010dni trgovini, pri nas pa le 69,62 [&hellip;]<\/p>\n","protected":false},"featured_media":103233,"template":"","meta":[],"product_cat":[200,999,290,999136,270],"product_tag":[],"_links":{"self":[{"href":"https:\/\/www.keramika.com\/slovenija\/wp-json\/wp\/v2\/product\/103232"}],"collection":[{"href":"https:\/\/www.keramika.com\/slovenija\/wp-json\/wp\/v2\/product"}],"about":[{"href":"https:\/\/www.keramika.com\/slovenija\/wp-json\/wp\/v2\/types\/product"}],"wp:featuredmedia":[{"embeddable":true,"href":"https:\/\/www.keramika.com\/slovenija\/wp-json\/wp\/v2\/media\/103233"}],"wp:attachment":[{"href":"https:\/\/www.keramika.com\/slovenija\/wp-json\/wp\/v2\/media?parent=103232"}],"wp:term":[{"taxonomy":"product_cat","embeddable":true,"href":"https:\/\/www.keramika.com\/slovenija\/wp-json\/wp\/v2\/product_cat?post=103232"},{"taxonomy":"product_tag","embeddable":true,"href":"https:\/\/www.keramika.com\/slovenija\/wp-json\/wp\/v2\/product_tag?post=103232"}],"curies":[{"name":"wp","href":"https:\/\/api.w.org\/{rel}","templated":true}]}}