{"id":103218,"date":"2017-03-22T23:30:28","date_gmt":"2017-03-22T23:30:28","guid":{"rendered":"http:\/\/keramika.holest.com\/slovenija\/product\/stop-ploscice-r-11-arce\/"},"modified":"2026-01-02T00:03:27","modified_gmt":"2026-01-02T00:03:27","slug":"stop-ploscice-r-11-arce","status":"publish","type":"product","link":"https:\/\/www.keramika.com\/slovenija\/stop-ploscice-r-11-arce\/","title":{"rendered":"Stop plo\u0161\u010dice R 11 Arce"},"content":{"rendered":"<p>26,56 EUR v klasi\u010dni trgovini, pri nas pa le 21,25 EUR. Zelo moderna plo\u0161\u010dica v rjavi barvi popestri prav vsak prostor. 8 mm debeline je dovolj tudi za zahtevnej\u0161e kupce. Z 20&#215;20 cm je ta plo\u0161\u010dica primerna za razli\u010dne podlage. Ta plo\u0161\u010dica prihaja iz \u0160panije, ki je znana po kvalitetni keramiki.<\/p>\n<p>Kliknite na ime kolekcije za ogled vseh plo\u0161\u010dic iz te serije: <a class=\"pdfcatal\" href=\"\/\/www.ceramictiles.com\/pdf\/vives\/catalogue_vives_rustica.pdf\" onclick=\"recordOutboundLink(this, 'E-mail', 'Description PDF');return false;\">Ceramica Vives Rustica<\/a><\/p>\n<p>\u010ce \u017eelite naro\u010diti model iz pdf kataloga te kolekcije, nam pi\u0161ite na: <a href=\"mailto:keramoteka.salon@gmail.com\" onclick=\"recordOutboundLink(this, 'E-mail', 'Description mail');return false;\">keramoteka.salon@gmail.com<\/a> ali pa nas pokli\u010dite na: 031 255 900.<\/p>\n","protected":false},"excerpt":{"rendered":"<p>26,56 EUR v klasi\u010dni trgovini, pri nas pa le 21,25 EUR. Zelo moderna plo\u0161\u010dica v rjavi barvi popestri prav vsak prostor. 8 mm debeline je dovolj tudi za zahtevnej\u0161e kupce. Z 20&#215;20 cm je ta plo\u0161\u010dica primerna za razli\u010dne podlage. Ta plo\u0161\u010dica prihaja iz \u0160panije, ki je znana po kvalitetni keramiki. Kliknite na ime kolekcije [&hellip;]<\/p>\n","protected":false},"featured_media":103219,"template":"","meta":[],"product_cat":[200,999,290,240,999136],"product_tag":[],"_links":{"self":[{"href":"https:\/\/www.keramika.com\/slovenija\/wp-json\/wp\/v2\/product\/103218"}],"collection":[{"href":"https:\/\/www.keramika.com\/slovenija\/wp-json\/wp\/v2\/product"}],"about":[{"href":"https:\/\/www.keramika.com\/slovenija\/wp-json\/wp\/v2\/types\/product"}],"wp:featuredmedia":[{"embeddable":true,"href":"https:\/\/www.keramika.com\/slovenija\/wp-json\/wp\/v2\/media\/103219"}],"wp:attachment":[{"href":"https:\/\/www.keramika.com\/slovenija\/wp-json\/wp\/v2\/media?parent=103218"}],"wp:term":[{"taxonomy":"product_cat","embeddable":true,"href":"https:\/\/www.keramika.com\/slovenija\/wp-json\/wp\/v2\/product_cat?post=103218"},{"taxonomy":"product_tag","embeddable":true,"href":"https:\/\/www.keramika.com\/slovenija\/wp-json\/wp\/v2\/product_tag?post=103218"}],"curies":[{"name":"wp","href":"https:\/\/api.w.org\/{rel}","templated":true}]}}