{"id":103208,"date":"2017-03-22T23:30:11","date_gmt":"2017-03-22T23:30:11","guid":{"rendered":"http:\/\/keramika.holest.com\/slovenija\/product\/vives-potro-gris\/"},"modified":"2026-01-02T00:03:25","modified_gmt":"2026-01-02T00:03:25","slug":"vives-potro-gris","status":"publish","type":"product","link":"https:\/\/www.keramika.com\/slovenija\/vives-potro-gris\/","title":{"rendered":"Vives Potro Gris"},"content":{"rendered":"<p>Dimenzije te plo\u0161\u010dice so 60&#215;60 cm. Ta kerami\u010dna plo\u0161\u010dica v \u010dudoviti sivi barvi bo obogatila vsak prostor. 69,38 EUR v klasi\u010dni trgovini, pri nas pa le 55,5 EUR. Ta plo\u0161\u010dica je debela 11 mm in je zelo trpe\u017ena. Vives Potro Gris je pripeljana iz \u0160panije in je zelo kvalitetna.<\/p>\n<p>Kliknite na ime kolekcije za ogled vseh plo\u0161\u010dic iz te serije: <a class=\"pdfcatal\" href=\"\/\/www.ceramictiles.com\/pdf\/vives\/catalogue_vives_potro.pdf\" onclick=\"recordOutboundLink(this, 'E-mail', 'Description PDF');return false;\">Ceramica Vives Potro<\/a><\/p>\n<p>\u010ce \u017eelite naro\u010diti model iz pdf kataloga te kolekcije, nam pi\u0161ite na: <a href=\"mailto:keramoteka.salon@gmail.com\" onclick=\"recordOutboundLink(this, 'E-mail', 'Description mail');return false;\">keramoteka.salon@gmail.com<\/a> ali pa nas pokli\u010dite na: 031 255 900.<\/p>\n","protected":false},"excerpt":{"rendered":"<p>Dimenzije te plo\u0161\u010dice so 60&#215;60 cm. Ta kerami\u010dna plo\u0161\u010dica v \u010dudoviti sivi barvi bo obogatila vsak prostor. 69,38 EUR v klasi\u010dni trgovini, pri nas pa le 55,5 EUR. Ta plo\u0161\u010dica je debela 11 mm in je zelo trpe\u017ena. Vives Potro Gris je pripeljana iz \u0160panije in je zelo kvalitetna. Kliknite na ime kolekcije za ogled [&hellip;]<\/p>\n","protected":false},"featured_media":103209,"template":"","meta":[],"product_cat":[200,999,290,240,999136],"product_tag":[],"_links":{"self":[{"href":"https:\/\/www.keramika.com\/slovenija\/wp-json\/wp\/v2\/product\/103208"}],"collection":[{"href":"https:\/\/www.keramika.com\/slovenija\/wp-json\/wp\/v2\/product"}],"about":[{"href":"https:\/\/www.keramika.com\/slovenija\/wp-json\/wp\/v2\/types\/product"}],"wp:featuredmedia":[{"embeddable":true,"href":"https:\/\/www.keramika.com\/slovenija\/wp-json\/wp\/v2\/media\/103209"}],"wp:attachment":[{"href":"https:\/\/www.keramika.com\/slovenija\/wp-json\/wp\/v2\/media?parent=103208"}],"wp:term":[{"taxonomy":"product_cat","embeddable":true,"href":"https:\/\/www.keramika.com\/slovenija\/wp-json\/wp\/v2\/product_cat?post=103208"},{"taxonomy":"product_tag","embeddable":true,"href":"https:\/\/www.keramika.com\/slovenija\/wp-json\/wp\/v2\/product_tag?post=103208"}],"curies":[{"name":"wp","href":"https:\/\/api.w.org\/{rel}","templated":true}]}}