{"id":103206,"date":"2017-03-22T23:30:09","date_gmt":"2017-03-22T23:30:09","guid":{"rendered":"http:\/\/keramika.holest.com\/slovenija\/product\/vives-portland-marengo\/"},"modified":"2026-01-02T00:03:25","modified_gmt":"2026-01-02T00:03:25","slug":"vives-portland-marengo","status":"publish","type":"product","link":"https:\/\/www.keramika.com\/slovenija\/vives-portland-marengo\/","title":{"rendered":"Vives Portland Marengo"},"content":{"rendered":"<p>Z 41&#215;41 cm je ta plo\u0161\u010dica primerna za razli\u010dne podlage. Vives Portland Marengo je na voljo po zelo ugodni ceni 26,75 EUR. Vives Portland Marengo je plo\u0161\u010dica proizvajalca Ceramica Vives in prihaja iz \u0160panije. Ta kerami\u010dna plo\u0161\u010dica v \u010dudoviti rjavi barvi bo obogatila vsak prostor. 10 mm debeline je dovolj tudi za zahtevnej\u0161e kupce.<\/p>\n<p>Kliknite na ime kolekcije za ogled vseh plo\u0161\u010dic iz te serije: <a class=\"pdfcatal\" href=\"\/\/www.ceramictiles.com\/pdf\/vives\/catalogue_vives_portland.pdf\" onclick=\"recordOutboundLink(this, 'E-mail', 'Description PDF');return false;\">Ceramica Vives Portland<\/a><\/p>\n<p>\u010ce \u017eelite naro\u010diti model iz pdf kataloga te kolekcije, nam pi\u0161ite na: <a href=\"mailto:keramoteka.salon@gmail.com\" onclick=\"recordOutboundLink(this, 'E-mail', 'Description mail');return false;\">keramoteka.salon@gmail.com<\/a> ali pa nas pokli\u010dite na: 031 255 900.<\/p>\n","protected":false},"excerpt":{"rendered":"<p>Z 41&#215;41 cm je ta plo\u0161\u010dica primerna za razli\u010dne podlage. Vives Portland Marengo je na voljo po zelo ugodni ceni 26,75 EUR. Vives Portland Marengo je plo\u0161\u010dica proizvajalca Ceramica Vives in prihaja iz \u0160panije. Ta kerami\u010dna plo\u0161\u010dica v \u010dudoviti rjavi barvi bo obogatila vsak prostor. 10 mm debeline je dovolj tudi za zahtevnej\u0161e kupce. Kliknite [&hellip;]<\/p>\n","protected":false},"featured_media":103207,"template":"","meta":[],"product_cat":[200,280,999,999136,270],"product_tag":[],"_links":{"self":[{"href":"https:\/\/www.keramika.com\/slovenija\/wp-json\/wp\/v2\/product\/103206"}],"collection":[{"href":"https:\/\/www.keramika.com\/slovenija\/wp-json\/wp\/v2\/product"}],"about":[{"href":"https:\/\/www.keramika.com\/slovenija\/wp-json\/wp\/v2\/types\/product"}],"wp:featuredmedia":[{"embeddable":true,"href":"https:\/\/www.keramika.com\/slovenija\/wp-json\/wp\/v2\/media\/103207"}],"wp:attachment":[{"href":"https:\/\/www.keramika.com\/slovenija\/wp-json\/wp\/v2\/media?parent=103206"}],"wp:term":[{"taxonomy":"product_cat","embeddable":true,"href":"https:\/\/www.keramika.com\/slovenija\/wp-json\/wp\/v2\/product_cat?post=103206"},{"taxonomy":"product_tag","embeddable":true,"href":"https:\/\/www.keramika.com\/slovenija\/wp-json\/wp\/v2\/product_tag?post=103206"}],"curies":[{"name":"wp","href":"https:\/\/api.w.org\/{rel}","templated":true}]}}