{"id":103204,"date":"2017-03-22T23:30:06","date_gmt":"2017-03-22T23:30:06","guid":{"rendered":"http:\/\/keramika.holest.com\/slovenija\/product\/vives-portillo\/"},"modified":"2026-01-02T00:03:25","modified_gmt":"2026-01-02T00:03:25","slug":"vives-portillo","status":"publish","type":"product","link":"https:\/\/www.keramika.com\/slovenija\/vives-portillo\/","title":{"rendered":"Vives Portillo"},"content":{"rendered":"<p>Z velikostjo 13&#215;13 cm je ta plo\u0161\u010dica primerna ze razli\u010dne povr\u0161ine. 10 mm je debelina, ki zadovolji tudi zahtevnej\u0161e kupce. Redna cena te plo\u0161\u010dice v maloprodaji zna\u0161a 166,72 EUR, v na\u0161i spletni trgovini pa jo lahko dobite \u017ee za 133,38 EUR. Ta plo\u0161\u010dica prihaja iz \u0160panije, ki je znana po kvalitetni keramiki. Pri izbiri plo\u0161\u010dice v beli barvi ne morete zgre\u0161iti.<\/p>\n<p>Kliknite na ime kolekcije za ogled vseh plo\u0161\u010dic iz te serije: <a class=\"pdfcatal\" href=\"\/\/www.ceramictiles.com\/pdf\/vives\/catalogue_vives_portillo.pdf\" onclick=\"recordOutboundLink(this, 'E-mail', 'Description PDF');return false;\">Ceramica Vives Portillo<\/a><\/p>\n<p>\u010ce \u017eelite naro\u010diti model iz pdf kataloga te kolekcije, nam pi\u0161ite na: <a href=\"mailto:keramoteka.salon@gmail.com\" onclick=\"recordOutboundLink(this, 'E-mail', 'Description mail');return false;\">keramoteka.salon@gmail.com<\/a> ali pa nas pokli\u010dite na: 031 255 900.<\/p>\n","protected":false},"excerpt":{"rendered":"<p>Z velikostjo 13&#215;13 cm je ta plo\u0161\u010dica primerna ze razli\u010dne povr\u0161ine. 10 mm je debelina, ki zadovolji tudi zahtevnej\u0161e kupce. Redna cena te plo\u0161\u010dice v maloprodaji zna\u0161a 166,72 EUR, v na\u0161i spletni trgovini pa jo lahko dobite \u017ee za 133,38 EUR. Ta plo\u0161\u010dica prihaja iz \u0160panije, ki je znana po kvalitetni keramiki. Pri izbiri plo\u0161\u010dice [&hellip;]<\/p>\n","protected":false},"featured_media":103205,"template":"","meta":[],"product_cat":[200,230,999,250,999136],"product_tag":[],"_links":{"self":[{"href":"https:\/\/www.keramika.com\/slovenija\/wp-json\/wp\/v2\/product\/103204"}],"collection":[{"href":"https:\/\/www.keramika.com\/slovenija\/wp-json\/wp\/v2\/product"}],"about":[{"href":"https:\/\/www.keramika.com\/slovenija\/wp-json\/wp\/v2\/types\/product"}],"wp:featuredmedia":[{"embeddable":true,"href":"https:\/\/www.keramika.com\/slovenija\/wp-json\/wp\/v2\/media\/103205"}],"wp:attachment":[{"href":"https:\/\/www.keramika.com\/slovenija\/wp-json\/wp\/v2\/media?parent=103204"}],"wp:term":[{"taxonomy":"product_cat","embeddable":true,"href":"https:\/\/www.keramika.com\/slovenija\/wp-json\/wp\/v2\/product_cat?post=103204"},{"taxonomy":"product_tag","embeddable":true,"href":"https:\/\/www.keramika.com\/slovenija\/wp-json\/wp\/v2\/product_tag?post=103204"}],"curies":[{"name":"wp","href":"https:\/\/api.w.org\/{rel}","templated":true}]}}