{"id":103190,"date":"2017-03-22T23:29:43","date_gmt":"2017-03-22T23:29:43","guid":{"rendered":"http:\/\/keramika.holest.com\/slovenija\/product\/ploscice-imitacija-lesa-beige\/"},"modified":"2026-01-02T00:03:23","modified_gmt":"2026-01-02T00:03:23","slug":"ploscice-imitacija-lesa-beige","status":"publish","type":"product","link":"https:\/\/www.keramika.com\/slovenija\/ploscice-imitacija-lesa-beige\/","title":{"rendered":"Plo\u0161\u010dice imitacija lesa Beige"},"content":{"rendered":"<p>Keramika v be\u017e barvi popestri vsak prostor. Z 14,3&#215;119,3 cm je ta plo\u0161\u010dica primerna za razli\u010dne podlage. Redna cena te plo\u0161\u010dice v maloprodaji zna\u0161a 127,97 EUR, v na\u0161i spletni trgovini pa jo lahko dobite \u017ee za 102,38 EUR. Ta plo\u0161\u010dica je debela 12 mm in je zelo trpe\u017ena. Vives Paramo Beige je pripeljana iz \u0160panije in je zelo kvalitetna.<\/p>\n<p>Kliknite na ime kolekcije za ogled vseh plo\u0161\u010dic iz te serije: <a class=\"pdfcatal\" href=\"\/\/www.ceramictiles.com\/pdf\/vives\/catalogue_vives_paramo.pdf\" onclick=\"recordOutboundLink(this, 'E-mail', 'Description PDF');return false;\">Ceramica Vives Paramo<\/a><\/p>\n<p>\u010ce \u017eelite naro\u010diti model iz pdf kataloga te kolekcije, nam pi\u0161ite na: <a href=\"mailto:keramoteka.salon@gmail.com\" onclick=\"recordOutboundLink(this, 'E-mail', 'Description mail');return false;\">keramoteka.salon@gmail.com<\/a> ali pa nas pokli\u010dite na: 031 255 900.<\/p>\n","protected":false},"excerpt":{"rendered":"<p>Keramika v be\u017e barvi popestri vsak prostor. Z 14,3&#215;119,3 cm je ta plo\u0161\u010dica primerna za razli\u010dne podlage. Redna cena te plo\u0161\u010dice v maloprodaji zna\u0161a 127,97 EUR, v na\u0161i spletni trgovini pa jo lahko dobite \u017ee za 102,38 EUR. Ta plo\u0161\u010dica je debela 12 mm in je zelo trpe\u017ena. Vives Paramo Beige je pripeljana iz \u0160panije [&hellip;]<\/p>\n","protected":false},"featured_media":103191,"template":"","meta":[],"product_cat":[200,260,999,240,999136],"product_tag":[],"_links":{"self":[{"href":"https:\/\/www.keramika.com\/slovenija\/wp-json\/wp\/v2\/product\/103190"}],"collection":[{"href":"https:\/\/www.keramika.com\/slovenija\/wp-json\/wp\/v2\/product"}],"about":[{"href":"https:\/\/www.keramika.com\/slovenija\/wp-json\/wp\/v2\/types\/product"}],"wp:featuredmedia":[{"embeddable":true,"href":"https:\/\/www.keramika.com\/slovenija\/wp-json\/wp\/v2\/media\/103191"}],"wp:attachment":[{"href":"https:\/\/www.keramika.com\/slovenija\/wp-json\/wp\/v2\/media?parent=103190"}],"wp:term":[{"taxonomy":"product_cat","embeddable":true,"href":"https:\/\/www.keramika.com\/slovenija\/wp-json\/wp\/v2\/product_cat?post=103190"},{"taxonomy":"product_tag","embeddable":true,"href":"https:\/\/www.keramika.com\/slovenija\/wp-json\/wp\/v2\/product_tag?post=103190"}],"curies":[{"name":"wp","href":"https:\/\/api.w.org\/{rel}","templated":true}]}}