{"id":103182,"date":"2017-03-22T23:29:30","date_gmt":"2017-03-22T23:29:30","guid":{"rendered":"http:\/\/keramika.holest.com\/slovenija\/product\/vives-oregon-beige\/"},"modified":"2026-01-02T00:03:22","modified_gmt":"2026-01-02T00:03:22","slug":"vives-oregon-beige","status":"publish","type":"product","link":"https:\/\/www.keramika.com\/slovenija\/vives-oregon-beige\/","title":{"rendered":"Vives Oregon Beige"},"content":{"rendered":"<p>Vives Oregon Beige je pripeljana iz \u0160panije in je zelo kvalitetna. Ta kerami\u010dna plo\u0161\u010dica v \u010dudoviti be\u017e barvi bo obogatila vsak prostor. Plo\u0161\u010dica je debela kar 9 mm, kar jo uvr\u0161\u010da med bolj trde plo\u0161\u010dice. Na spletu boste za to plo\u0161\u010dico od\u0161teli le 36,88 EUR, medtem ko v redni prodaji cena zna\u0161a 46,09 EUR. Dimenzije te plo\u0161\u010dice so 40&#215;40 cm.<\/p>\n<p>Kliknite na ime kolekcije za ogled vseh plo\u0161\u010dic iz te serije: <a class=\"pdfcatal\" href=\"\/\/www.ceramictiles.com\/pdf\/vives\/catalogue_vives_oregon.pdf\" onclick=\"recordOutboundLink(this, 'E-mail', 'Description PDF');return false;\">Ceramica Vives Oregon<\/a><\/p>\n<p>\u010ce \u017eelite naro\u010diti model iz pdf kataloga te kolekcije, nam pi\u0161ite na: <a href=\"mailto:keramoteka.salon@gmail.com\" onclick=\"recordOutboundLink(this, 'E-mail', 'Description mail');return false;\">keramoteka.salon@gmail.com<\/a> ali pa nas pokli\u010dite na: 031 255 900.<\/p>\n","protected":false},"excerpt":{"rendered":"<p>Vives Oregon Beige je pripeljana iz \u0160panije in je zelo kvalitetna. Ta kerami\u010dna plo\u0161\u010dica v \u010dudoviti be\u017e barvi bo obogatila vsak prostor. Plo\u0161\u010dica je debela kar 9 mm, kar jo uvr\u0161\u010da med bolj trde plo\u0161\u010dice. Na spletu boste za to plo\u0161\u010dico od\u0161teli le 36,88 EUR, medtem ko v redni prodaji cena zna\u0161a 46,09 EUR. Dimenzije [&hellip;]<\/p>\n","protected":false},"featured_media":103183,"template":"","meta":[],"product_cat":[200,999,290,240,999136],"product_tag":[],"_links":{"self":[{"href":"https:\/\/www.keramika.com\/slovenija\/wp-json\/wp\/v2\/product\/103182"}],"collection":[{"href":"https:\/\/www.keramika.com\/slovenija\/wp-json\/wp\/v2\/product"}],"about":[{"href":"https:\/\/www.keramika.com\/slovenija\/wp-json\/wp\/v2\/types\/product"}],"wp:featuredmedia":[{"embeddable":true,"href":"https:\/\/www.keramika.com\/slovenija\/wp-json\/wp\/v2\/media\/103183"}],"wp:attachment":[{"href":"https:\/\/www.keramika.com\/slovenija\/wp-json\/wp\/v2\/media?parent=103182"}],"wp:term":[{"taxonomy":"product_cat","embeddable":true,"href":"https:\/\/www.keramika.com\/slovenija\/wp-json\/wp\/v2\/product_cat?post=103182"},{"taxonomy":"product_tag","embeddable":true,"href":"https:\/\/www.keramika.com\/slovenija\/wp-json\/wp\/v2\/product_tag?post=103182"}],"curies":[{"name":"wp","href":"https:\/\/api.w.org\/{rel}","templated":true}]}}