{"id":103178,"date":"2017-03-22T23:29:23","date_gmt":"2017-03-22T23:29:23","guid":{"rendered":"http:\/\/keramika.holest.com\/slovenija\/product\/vives-nut-crema\/"},"modified":"2026-01-02T00:03:21","modified_gmt":"2026-01-02T00:03:21","slug":"vives-nut-crema","status":"publish","type":"product","link":"https:\/\/www.keramika.com\/slovenija\/vives-nut-crema\/","title":{"rendered":"Vives Nut Crema"},"content":{"rendered":"<p>\u0160irina in dol\u017eina te plo\u0161\u010dice sta 60&#215;60 cm. Vives Nut Crema je na voljo po zelo ugodni ceni 53,75 EUR. 11 mm debeline je dovolj tudi za zahtevnej\u0161e kupce. Prihaja iz \u0160panije, ki po svetu slovi kot ena bolj\u0161ih proizvajalk kerami\u010dnih plo\u0161\u010dic. Zelo moderna plo\u0161\u010dica v be\u017e barvi popestri prav vsak prostor.<\/p>\n<p>Kliknite na ime kolekcije za ogled vseh plo\u0161\u010dic iz te serije: <a class=\"pdfcatal\" href=\"\/\/www.ceramictiles.com\/pdf\/vives\/catalogue_vives_nut.pdf\" onclick=\"recordOutboundLink(this, 'E-mail', 'Description PDF');return false;\">Ceramica Vives Nut<\/a><\/p>\n<p>\u010ce \u017eelite naro\u010diti model iz pdf kataloga te kolekcije, nam pi\u0161ite na: <a href=\"mailto:keramoteka.salon@gmail.com\" onclick=\"recordOutboundLink(this, 'E-mail', 'Description mail');return false;\">keramoteka.salon@gmail.com<\/a> ali pa nas pokli\u010dite na: 031 255 900.<\/p>\n","protected":false},"excerpt":{"rendered":"<p>\u0160irina in dol\u017eina te plo\u0161\u010dice sta 60&#215;60 cm. Vives Nut Crema je na voljo po zelo ugodni ceni 53,75 EUR. 11 mm debeline je dovolj tudi za zahtevnej\u0161e kupce. Prihaja iz \u0160panije, ki po svetu slovi kot ena bolj\u0161ih proizvajalk kerami\u010dnih plo\u0161\u010dic. Zelo moderna plo\u0161\u010dica v be\u017e barvi popestri prav vsak prostor. Kliknite na ime [&hellip;]<\/p>\n","protected":false},"featured_media":103179,"template":"","meta":[],"product_cat":[200,999,290,240,999136],"product_tag":[],"_links":{"self":[{"href":"https:\/\/www.keramika.com\/slovenija\/wp-json\/wp\/v2\/product\/103178"}],"collection":[{"href":"https:\/\/www.keramika.com\/slovenija\/wp-json\/wp\/v2\/product"}],"about":[{"href":"https:\/\/www.keramika.com\/slovenija\/wp-json\/wp\/v2\/types\/product"}],"wp:featuredmedia":[{"embeddable":true,"href":"https:\/\/www.keramika.com\/slovenija\/wp-json\/wp\/v2\/media\/103179"}],"wp:attachment":[{"href":"https:\/\/www.keramika.com\/slovenija\/wp-json\/wp\/v2\/media?parent=103178"}],"wp:term":[{"taxonomy":"product_cat","embeddable":true,"href":"https:\/\/www.keramika.com\/slovenija\/wp-json\/wp\/v2\/product_cat?post=103178"},{"taxonomy":"product_tag","embeddable":true,"href":"https:\/\/www.keramika.com\/slovenija\/wp-json\/wp\/v2\/product_tag?post=103178"}],"curies":[{"name":"wp","href":"https:\/\/api.w.org\/{rel}","templated":true}]}}