{"id":103154,"date":"2017-03-22T23:28:44","date_gmt":"2017-03-22T23:28:44","guid":{"rendered":"http:\/\/keramika.holest.com\/slovenija\/product\/vives-michigan-crema\/"},"modified":"2026-01-02T00:03:18","modified_gmt":"2026-01-02T00:03:18","slug":"vives-michigan-crema","status":"publish","type":"product","link":"https:\/\/www.keramika.com\/slovenija\/vives-michigan-crema\/","title":{"rendered":"Vives Michigan Crema"},"content":{"rendered":"<p>33,44 EUR v klasi\u010dni trgovini, pri nas pa le 26,75 EUR. Pri izbiri plo\u0161\u010dice v be\u017e barvi ne morete zgre\u0161iti. Plo\u0161\u010dica na sliki je velika 20&#215;40 cm. 10 mm debeline je dovolj tudi za zahtevnej\u0161e kupce. Vives Michigan Crema je plo\u0161\u010dica proizvajalca Ceramica Vives in prihaja iz \u0160panije.<\/p>\n<p>Kliknite na ime kolekcije za ogled vseh plo\u0161\u010dic iz te serije: <a class=\"pdfcatal\" href=\"\/\/www.ceramictiles.com\/pdf\/vives\/catalogue_vives_michigan.pdf\" onclick=\"recordOutboundLink(this, 'E-mail', 'Description PDF');return false;\">Ceramica Vives Michigan<\/a><\/p>\n<p>\u010ce \u017eelite naro\u010diti model iz pdf kataloga te kolekcije, nam pi\u0161ite na: <a href=\"mailto:keramoteka.salon@gmail.com\" onclick=\"recordOutboundLink(this, 'E-mail', 'Description mail');return false;\">keramoteka.salon@gmail.com<\/a> ali pa nas pokli\u010dite na: 031 255 900.<\/p>\n","protected":false},"excerpt":{"rendered":"<p>33,44 EUR v klasi\u010dni trgovini, pri nas pa le 26,75 EUR. Pri izbiri plo\u0161\u010dice v be\u017e barvi ne morete zgre\u0161iti. Plo\u0161\u010dica na sliki je velika 20&#215;40 cm. 10 mm debeline je dovolj tudi za zahtevnej\u0161e kupce. Vives Michigan Crema je plo\u0161\u010dica proizvajalca Ceramica Vives in prihaja iz \u0160panije. Kliknite na ime kolekcije za ogled vseh [&hellip;]<\/p>\n","protected":false},"featured_media":103155,"template":"","meta":[],"product_cat":[200,220,999,250,999136],"product_tag":[],"_links":{"self":[{"href":"https:\/\/www.keramika.com\/slovenija\/wp-json\/wp\/v2\/product\/103154"}],"collection":[{"href":"https:\/\/www.keramika.com\/slovenija\/wp-json\/wp\/v2\/product"}],"about":[{"href":"https:\/\/www.keramika.com\/slovenija\/wp-json\/wp\/v2\/types\/product"}],"wp:featuredmedia":[{"embeddable":true,"href":"https:\/\/www.keramika.com\/slovenija\/wp-json\/wp\/v2\/media\/103155"}],"wp:attachment":[{"href":"https:\/\/www.keramika.com\/slovenija\/wp-json\/wp\/v2\/media?parent=103154"}],"wp:term":[{"taxonomy":"product_cat","embeddable":true,"href":"https:\/\/www.keramika.com\/slovenija\/wp-json\/wp\/v2\/product_cat?post=103154"},{"taxonomy":"product_tag","embeddable":true,"href":"https:\/\/www.keramika.com\/slovenija\/wp-json\/wp\/v2\/product_tag?post=103154"}],"curies":[{"name":"wp","href":"https:\/\/api.w.org\/{rel}","templated":true}]}}