{"id":103152,"date":"2017-03-22T23:28:42","date_gmt":"2017-03-22T23:28:42","guid":{"rendered":"http:\/\/keramika.holest.com\/slovenija\/product\/vives-materia-aljez-blanco\/"},"modified":"2026-01-02T00:03:18","modified_gmt":"2026-01-02T00:03:18","slug":"vives-materia-aljez-blanco","status":"publish","type":"product","link":"https:\/\/www.keramika.com\/slovenija\/vives-materia-aljez-blanco\/","title":{"rendered":"Vives Materia Aljez Blanco"},"content":{"rendered":"<p>\u0160irina in dol\u017eina te plo\u0161\u010dice sta 60&#215;120 cm. Vives Materia Aljez Blanco je na voljo po zelo ugodni ceni 102,38 EUR. Debelina kar 12 mm dela to plo\u0161\u010dico zelo trpe\u017eno in presti\u017eno na otip. Vives Materia Aljez Blanco je pripeljana iz \u0160panije in je zelo kvalitetna. Zelo moderna plo\u0161\u010dica v beli barvi popestri prav vsak prostor.<\/p>\n<p>Kliknite na ime kolekcije za ogled vseh plo\u0161\u010dic iz te serije: <a class=\"pdfcatal\" href=\"\/\/www.ceramictiles.com\/pdf\/vives\/catalogue_vives_materia.pdf\" onclick=\"recordOutboundLink(this, 'E-mail', 'Description PDF');return false;\">Ceramica Vives Materia<\/a><\/p>\n<p>\u010ce \u017eelite naro\u010diti model iz pdf kataloga te kolekcije, nam pi\u0161ite na: <a href=\"mailto:keramoteka.salon@gmail.com\" onclick=\"recordOutboundLink(this, 'E-mail', 'Description mail');return false;\">keramoteka.salon@gmail.com<\/a> ali pa nas pokli\u010dite na: 031 255 900.<\/p>\n","protected":false},"excerpt":{"rendered":"<p>\u0160irina in dol\u017eina te plo\u0161\u010dice sta 60&#215;120 cm. Vives Materia Aljez Blanco je na voljo po zelo ugodni ceni 102,38 EUR. Debelina kar 12 mm dela to plo\u0161\u010dico zelo trpe\u017eno in presti\u017eno na otip. Vives Materia Aljez Blanco je pripeljana iz \u0160panije in je zelo kvalitetna. Zelo moderna plo\u0161\u010dica v beli barvi popestri prav vsak [&hellip;]<\/p>\n","protected":false},"featured_media":103153,"template":"","meta":[],"product_cat":[200,260,999,290,999136],"product_tag":[],"_links":{"self":[{"href":"https:\/\/www.keramika.com\/slovenija\/wp-json\/wp\/v2\/product\/103152"}],"collection":[{"href":"https:\/\/www.keramika.com\/slovenija\/wp-json\/wp\/v2\/product"}],"about":[{"href":"https:\/\/www.keramika.com\/slovenija\/wp-json\/wp\/v2\/types\/product"}],"wp:featuredmedia":[{"embeddable":true,"href":"https:\/\/www.keramika.com\/slovenija\/wp-json\/wp\/v2\/media\/103153"}],"wp:attachment":[{"href":"https:\/\/www.keramika.com\/slovenija\/wp-json\/wp\/v2\/media?parent=103152"}],"wp:term":[{"taxonomy":"product_cat","embeddable":true,"href":"https:\/\/www.keramika.com\/slovenija\/wp-json\/wp\/v2\/product_cat?post=103152"},{"taxonomy":"product_tag","embeddable":true,"href":"https:\/\/www.keramika.com\/slovenija\/wp-json\/wp\/v2\/product_tag?post=103152"}],"curies":[{"name":"wp","href":"https:\/\/api.w.org\/{rel}","templated":true}]}}