{"id":103146,"date":"2017-03-22T23:28:32","date_gmt":"2017-03-22T23:28:32","guid":{"rendered":"http:\/\/keramika.holest.com\/slovenija\/product\/vives-magnum-siena\/"},"modified":"2026-01-02T00:03:18","modified_gmt":"2026-01-02T00:03:18","slug":"vives-magnum-siena","status":"publish","type":"product","link":"https:\/\/www.keramika.com\/slovenija\/vives-magnum-siena\/","title":{"rendered":"Vives Magnum Siena"},"content":{"rendered":"<p>\u0160irina in dol\u017eina te plo\u0161\u010dice sta 20&#215;40 cm. Prihaja iz \u0160panije, ki po svetu slovi kot ena bolj\u0161ih proizvajalk kerami\u010dnih plo\u0161\u010dic. 33,44 EUR v klasi\u010dni trgovini, pri nas pa le 26,75 EUR. Plo\u0161\u010dica je debela kar 13 mm, kar jo uvr\u0161\u010da med bolj trde plo\u0161\u010dice. Pri izbiri plo\u0161\u010dice v sivi barvi ne morete zgre\u0161iti.<\/p>\n<p>Kliknite na ime kolekcije za ogled vseh plo\u0161\u010dic iz te serije: <a class=\"pdfcatal\" href=\"\/\/www.ceramictiles.com\/pdf\/vives\/catalogue_vives_magnum.pdf\" onclick=\"recordOutboundLink(this, 'E-mail', 'Description PDF');return false;\">Ceramica Vives Magnum<\/a><\/p>\n<p>\u010ce \u017eelite naro\u010diti model iz pdf kataloga te kolekcije, nam pi\u0161ite na: <a href=\"mailto:keramoteka.salon@gmail.com\" onclick=\"recordOutboundLink(this, 'E-mail', 'Description mail');return false;\">keramoteka.salon@gmail.com<\/a> ali pa nas pokli\u010dite na: 031 255 900.<\/p>\n","protected":false},"excerpt":{"rendered":"<p>\u0160irina in dol\u017eina te plo\u0161\u010dice sta 20&#215;40 cm. Prihaja iz \u0160panije, ki po svetu slovi kot ena bolj\u0161ih proizvajalk kerami\u010dnih plo\u0161\u010dic. 33,44 EUR v klasi\u010dni trgovini, pri nas pa le 26,75 EUR. Plo\u0161\u010dica je debela kar 13 mm, kar jo uvr\u0161\u010da med bolj trde plo\u0161\u010dice. Pri izbiri plo\u0161\u010dice v sivi barvi ne morete zgre\u0161iti. Kliknite [&hellip;]<\/p>\n","protected":false},"featured_media":103147,"template":"","meta":[],"product_cat":[200,230,999,240,999136],"product_tag":[],"_links":{"self":[{"href":"https:\/\/www.keramika.com\/slovenija\/wp-json\/wp\/v2\/product\/103146"}],"collection":[{"href":"https:\/\/www.keramika.com\/slovenija\/wp-json\/wp\/v2\/product"}],"about":[{"href":"https:\/\/www.keramika.com\/slovenija\/wp-json\/wp\/v2\/types\/product"}],"wp:featuredmedia":[{"embeddable":true,"href":"https:\/\/www.keramika.com\/slovenija\/wp-json\/wp\/v2\/media\/103147"}],"wp:attachment":[{"href":"https:\/\/www.keramika.com\/slovenija\/wp-json\/wp\/v2\/media?parent=103146"}],"wp:term":[{"taxonomy":"product_cat","embeddable":true,"href":"https:\/\/www.keramika.com\/slovenija\/wp-json\/wp\/v2\/product_cat?post=103146"},{"taxonomy":"product_tag","embeddable":true,"href":"https:\/\/www.keramika.com\/slovenija\/wp-json\/wp\/v2\/product_tag?post=103146"}],"curies":[{"name":"wp","href":"https:\/\/api.w.org\/{rel}","templated":true}]}}