{"id":103142,"date":"2017-03-22T23:28:26","date_gmt":"2017-03-22T23:28:26","guid":{"rendered":"http:\/\/keramika.holest.com\/slovenija\/product\/vives-loom-ocre\/"},"modified":"2026-01-02T00:03:17","modified_gmt":"2026-01-02T00:03:17","slug":"vives-loom-ocre","status":"publish","type":"product","link":"https:\/\/www.keramika.com\/slovenija\/vives-loom-ocre\/","title":{"rendered":"Vives Loom Ocre"},"content":{"rendered":"<p>Ta plo\u0161\u010dica je na voljo v \u010dudoviti be\u017e barvi, \u010de \u017eelite kak\u0161no drugo barvo pa nas kontaktirajte in preverili bomo pri proizvajalcu. Dimenzije te plo\u0161\u010dice so 20&#215;50 cm. Vives Loom Ocre je na voljo po zelo ugodni ceni 29,5 EUR. Vives Loom Ocre prihaja iz \u0160panije, ki je znana po zelo kvalitetni keramiki v svetovnem merilu. Debelina plo\u0161\u010dice je zelo pomembna in 11 mm uvr\u0161\u010da to plo\u0161\u010dico med najkvalitetnej\u0161e.<\/p>\n<p>Kliknite na ime kolekcije za ogled vseh plo\u0161\u010dic iz te serije: <a class=\"pdfcatal\" href=\"\/\/www.ceramictiles.com\/pdf\/vives\/catalogue_vives_loom.pdf\" onclick=\"recordOutboundLink(this, 'E-mail', 'Description PDF');return false;\">Ceramica Vives Loom<\/a><\/p>\n<p>\u010ce \u017eelite naro\u010diti model iz pdf kataloga te kolekcije, nam pi\u0161ite na: <a href=\"mailto:keramoteka.salon@gmail.com\" onclick=\"recordOutboundLink(this, 'E-mail', 'Description mail');return false;\">keramoteka.salon@gmail.com<\/a> ali pa nas pokli\u010dite na: 031 255 900.<\/p>\n","protected":false},"excerpt":{"rendered":"<p>Ta plo\u0161\u010dica je na voljo v \u010dudoviti be\u017e barvi, \u010de \u017eelite kak\u0161no drugo barvo pa nas kontaktirajte in preverili bomo pri proizvajalcu. Dimenzije te plo\u0161\u010dice so 20&#215;50 cm. Vives Loom Ocre je na voljo po zelo ugodni ceni 29,5 EUR. Vives Loom Ocre prihaja iz \u0160panije, ki je znana po zelo kvalitetni keramiki v svetovnem [&hellip;]<\/p>\n","protected":false},"featured_media":103143,"template":"","meta":[],"product_cat":[200,220,999,250,999136],"product_tag":[],"_links":{"self":[{"href":"https:\/\/www.keramika.com\/slovenija\/wp-json\/wp\/v2\/product\/103142"}],"collection":[{"href":"https:\/\/www.keramika.com\/slovenija\/wp-json\/wp\/v2\/product"}],"about":[{"href":"https:\/\/www.keramika.com\/slovenija\/wp-json\/wp\/v2\/types\/product"}],"wp:featuredmedia":[{"embeddable":true,"href":"https:\/\/www.keramika.com\/slovenija\/wp-json\/wp\/v2\/media\/103143"}],"wp:attachment":[{"href":"https:\/\/www.keramika.com\/slovenija\/wp-json\/wp\/v2\/media?parent=103142"}],"wp:term":[{"taxonomy":"product_cat","embeddable":true,"href":"https:\/\/www.keramika.com\/slovenija\/wp-json\/wp\/v2\/product_cat?post=103142"},{"taxonomy":"product_tag","embeddable":true,"href":"https:\/\/www.keramika.com\/slovenija\/wp-json\/wp\/v2\/product_tag?post=103142"}],"curies":[{"name":"wp","href":"https:\/\/api.w.org\/{rel}","templated":true}]}}