{"id":103136,"date":"2017-03-22T23:28:15","date_gmt":"2017-03-22T23:28:15","guid":{"rendered":"http:\/\/keramika.holest.com\/slovenija\/product\/ploscice-imitacija-lesa-iroko\/"},"modified":"2026-01-02T00:03:16","modified_gmt":"2026-01-02T00:03:16","slug":"ploscice-imitacija-lesa-iroko","status":"publish","type":"product","link":"https:\/\/www.keramika.com\/slovenija\/ploscice-imitacija-lesa-iroko\/","title":{"rendered":"Plo\u0161\u010dice imitacija lesa Iroko"},"content":{"rendered":"<p>Debelina plo\u0161\u010dice je zelo pomembna in 10 mm uvr\u0161\u010da to plo\u0161\u010dico med najkvalitetnej\u0161e. Namesto 73,44 EUR kot bi za to plo\u0161\u010dico od\u0161teli v klasi\u010dni trgovini, boste v na\u0161i spletni prodajalni od\u0161teli le 58,75 EUR. Z 14,4&#215;59,3 cm je ta plo\u0161\u010dica primerna za razli\u010dne podlage. Vives Legend Iroko je pripeljana iz \u0160panije in je zelo kvalitetna. Ta model plo\u0161\u010dice se najbolje prodaja v rjavi barvi.<\/p>\n<p>Kliknite na ime kolekcije za ogled vseh plo\u0161\u010dic iz te serije: <a class=\"pdfcatal\" href=\"\/\/www.ceramictiles.com\/pdf\/vives\/catalogue_vives_legend.pdf\" onclick=\"recordOutboundLink(this, 'E-mail', 'Description PDF');return false;\">Ceramica Vives Legend<\/a><\/p>\n<p>\u010ce \u017eelite naro\u010diti model iz pdf kataloga te kolekcije, nam pi\u0161ite na: <a href=\"mailto:keramoteka.salon@gmail.com\" onclick=\"recordOutboundLink(this, 'E-mail', 'Description mail');return false;\">keramoteka.salon@gmail.com<\/a> ali pa nas pokli\u010dite na: 031 255 900.<\/p>\n","protected":false},"excerpt":{"rendered":"<p>Debelina plo\u0161\u010dice je zelo pomembna in 10 mm uvr\u0161\u010da to plo\u0161\u010dico med najkvalitetnej\u0161e. Namesto 73,44 EUR kot bi za to plo\u0161\u010dico od\u0161teli v klasi\u010dni trgovini, boste v na\u0161i spletni prodajalni od\u0161teli le 58,75 EUR. Z 14,4&#215;59,3 cm je ta plo\u0161\u010dica primerna za razli\u010dne podlage. Vives Legend Iroko je pripeljana iz \u0160panije in je zelo kvalitetna. [&hellip;]<\/p>\n","protected":false},"featured_media":103137,"template":"","meta":[],"product_cat":[200,999,290,240,999136],"product_tag":[],"_links":{"self":[{"href":"https:\/\/www.keramika.com\/slovenija\/wp-json\/wp\/v2\/product\/103136"}],"collection":[{"href":"https:\/\/www.keramika.com\/slovenija\/wp-json\/wp\/v2\/product"}],"about":[{"href":"https:\/\/www.keramika.com\/slovenija\/wp-json\/wp\/v2\/types\/product"}],"wp:featuredmedia":[{"embeddable":true,"href":"https:\/\/www.keramika.com\/slovenija\/wp-json\/wp\/v2\/media\/103137"}],"wp:attachment":[{"href":"https:\/\/www.keramika.com\/slovenija\/wp-json\/wp\/v2\/media?parent=103136"}],"wp:term":[{"taxonomy":"product_cat","embeddable":true,"href":"https:\/\/www.keramika.com\/slovenija\/wp-json\/wp\/v2\/product_cat?post=103136"},{"taxonomy":"product_tag","embeddable":true,"href":"https:\/\/www.keramika.com\/slovenija\/wp-json\/wp\/v2\/product_tag?post=103136"}],"curies":[{"name":"wp","href":"https:\/\/api.w.org\/{rel}","templated":true}]}}