{"id":103126,"date":"2017-03-22T23:27:59","date_gmt":"2017-03-22T23:27:59","guid":{"rendered":"http:\/\/keramika.holest.com\/slovenija\/product\/vives-iberia-terra\/"},"modified":"2026-01-02T00:03:15","modified_gmt":"2026-01-02T00:03:15","slug":"vives-iberia-terra","status":"publish","type":"product","link":"https:\/\/www.keramika.com\/slovenija\/vives-iberia-terra\/","title":{"rendered":"Vives Iberia Terra"},"content":{"rendered":"<p>Zelo moderna plo\u0161\u010dica v be\u017e barvi popestri prav vsak prostor. Z velikostjo 31,6&#215;31,6 cm je ta plo\u0161\u010dica primerna ze razli\u010dne povr\u0161ine. Debelina plo\u0161\u010dice je zelo pomembna in 9 mm uvr\u0161\u010da to plo\u0161\u010dico med najkvalitetnej\u0161e. V redni prodaji bi morali za to plo\u0161\u010dico od\u0161teti 31,88 EUR, spletna cena pa zna\u0161a le 25,5 EUR. Vives Iberia Terra je plo\u0161\u010dica proizvajalca Ceramica Vives in prihaja iz \u0160panije.<\/p>\n<p>Kliknite na ime kolekcije za ogled vseh plo\u0161\u010dic iz te serije: <a class=\"pdfcatal\" href=\"\/\/www.ceramictiles.com\/pdf\/vives\/catalogue_vives_iberia.pdf\" onclick=\"recordOutboundLink(this, 'E-mail', 'Description PDF');return false;\">Ceramica Vives Iberia<\/a><\/p>\n<p>\u010ce \u017eelite naro\u010diti model iz pdf kataloga te kolekcije, nam pi\u0161ite na: <a href=\"mailto:keramoteka.salon@gmail.com\" onclick=\"recordOutboundLink(this, 'E-mail', 'Description mail');return false;\">keramoteka.salon@gmail.com<\/a> ali pa nas pokli\u010dite na: 031 255 900.<\/p>\n","protected":false},"excerpt":{"rendered":"<p>Zelo moderna plo\u0161\u010dica v be\u017e barvi popestri prav vsak prostor. Z velikostjo 31,6&#215;31,6 cm je ta plo\u0161\u010dica primerna ze razli\u010dne povr\u0161ine. Debelina plo\u0161\u010dice je zelo pomembna in 9 mm uvr\u0161\u010da to plo\u0161\u010dico med najkvalitetnej\u0161e. V redni prodaji bi morali za to plo\u0161\u010dico od\u0161teti 31,88 EUR, spletna cena pa zna\u0161a le 25,5 EUR. Vives Iberia Terra [&hellip;]<\/p>\n","protected":false},"featured_media":103127,"template":"","meta":[],"product_cat":[200,230,999,240,999136],"product_tag":[],"_links":{"self":[{"href":"https:\/\/www.keramika.com\/slovenija\/wp-json\/wp\/v2\/product\/103126"}],"collection":[{"href":"https:\/\/www.keramika.com\/slovenija\/wp-json\/wp\/v2\/product"}],"about":[{"href":"https:\/\/www.keramika.com\/slovenija\/wp-json\/wp\/v2\/types\/product"}],"wp:featuredmedia":[{"embeddable":true,"href":"https:\/\/www.keramika.com\/slovenija\/wp-json\/wp\/v2\/media\/103127"}],"wp:attachment":[{"href":"https:\/\/www.keramika.com\/slovenija\/wp-json\/wp\/v2\/media?parent=103126"}],"wp:term":[{"taxonomy":"product_cat","embeddable":true,"href":"https:\/\/www.keramika.com\/slovenija\/wp-json\/wp\/v2\/product_cat?post=103126"},{"taxonomy":"product_tag","embeddable":true,"href":"https:\/\/www.keramika.com\/slovenija\/wp-json\/wp\/v2\/product_tag?post=103126"}],"curies":[{"name":"wp","href":"https:\/\/api.w.org\/{rel}","templated":true}]}}