{"id":103114,"date":"2017-03-22T23:27:41","date_gmt":"2017-03-22T23:27:41","guid":{"rendered":"http:\/\/keramika.holest.com\/slovenija\/product\/vives-factory-r\/"},"modified":"2026-01-02T00:03:13","modified_gmt":"2026-01-02T00:03:13","slug":"vives-factory-r","status":"publish","type":"product","link":"https:\/\/www.keramika.com\/slovenija\/vives-factory-r\/","title":{"rendered":"Vives Factory-R"},"content":{"rendered":"<p>Vives Factory-R prihaja iz \u0160panije, ki je znana po zelo kvalitetni keramiki v svetovnem merilu. Namesto 96,72 EUR kot bi za to plo\u0161\u010dico od\u0161teli v klasi\u010dni trgovini, boste v na\u0161i spletni prodajalni od\u0161teli le 77,38 EUR. Plo\u0161\u010dica na sliki je velika 45&#215;90 cm. Ta plo\u0161\u010dica je debela 12 mm in je zelo trpe\u017ena. Pri izbiri plo\u0161\u010dice v sivi barvi ne morete zgre\u0161iti.<\/p>\n<p>Kliknite na ime kolekcije za ogled vseh plo\u0161\u010dic iz te serije: <a class=\"pdfcatal\" href=\"\/\/www.ceramictiles.com\/pdf\/vives\/catalogue_vives_factory.pdf\" onclick=\"recordOutboundLink(this, 'E-mail', 'Description PDF');return false;\">Ceramica Vives Factory<\/a><\/p>\n<p>\u010ce \u017eelite naro\u010diti model iz pdf kataloga te kolekcije, nam pi\u0161ite na: <a href=\"mailto:keramoteka.salon@gmail.com\" onclick=\"recordOutboundLink(this, 'E-mail', 'Description mail');return false;\">keramoteka.salon@gmail.com<\/a> ali pa nas pokli\u010dite na: 031 255 900.<\/p>\n","protected":false},"excerpt":{"rendered":"<p>Vives Factory-R prihaja iz \u0160panije, ki je znana po zelo kvalitetni keramiki v svetovnem merilu. Namesto 96,72 EUR kot bi za to plo\u0161\u010dico od\u0161teli v klasi\u010dni trgovini, boste v na\u0161i spletni prodajalni od\u0161teli le 77,38 EUR. Plo\u0161\u010dica na sliki je velika 45&#215;90 cm. Ta plo\u0161\u010dica je debela 12 mm in je zelo trpe\u017ena. Pri izbiri [&hellip;]<\/p>\n","protected":false},"featured_media":103115,"template":"","meta":[],"product_cat":[200,260,999,290,999136],"product_tag":[],"_links":{"self":[{"href":"https:\/\/www.keramika.com\/slovenija\/wp-json\/wp\/v2\/product\/103114"}],"collection":[{"href":"https:\/\/www.keramika.com\/slovenija\/wp-json\/wp\/v2\/product"}],"about":[{"href":"https:\/\/www.keramika.com\/slovenija\/wp-json\/wp\/v2\/types\/product"}],"wp:featuredmedia":[{"embeddable":true,"href":"https:\/\/www.keramika.com\/slovenija\/wp-json\/wp\/v2\/media\/103115"}],"wp:attachment":[{"href":"https:\/\/www.keramika.com\/slovenija\/wp-json\/wp\/v2\/media?parent=103114"}],"wp:term":[{"taxonomy":"product_cat","embeddable":true,"href":"https:\/\/www.keramika.com\/slovenija\/wp-json\/wp\/v2\/product_cat?post=103114"},{"taxonomy":"product_tag","embeddable":true,"href":"https:\/\/www.keramika.com\/slovenija\/wp-json\/wp\/v2\/product_tag?post=103114"}],"curies":[{"name":"wp","href":"https:\/\/api.w.org\/{rel}","templated":true}]}}