{"id":103110,"date":"2017-03-22T23:27:33","date_gmt":"2017-03-22T23:27:33","guid":{"rendered":"http:\/\/keramika.holest.com\/slovenija\/product\/vives-etrusco-marron\/"},"modified":"2026-01-02T00:03:12","modified_gmt":"2026-01-02T00:03:12","slug":"vives-etrusco-marron","status":"publish","type":"product","link":"https:\/\/www.keramika.com\/slovenija\/vives-etrusco-marron\/","title":{"rendered":"Vives Etrusco Marron"},"content":{"rendered":"<p>Velikost te plo\u0161\u010dice je 14&#215;28 cm in je primerna za razli\u010dne povr\u0161ine. Debelina plo\u0161\u010dice je zelo pomembna in 8 mm uvr\u0161\u010da to plo\u0161\u010dico med najkvalitetnej\u0161e. Keramika v rjavi barvi popestri vsak prostor. Vives Etrusco Marron je plo\u0161\u010dica proizvajalca Ceramica Vives in prihaja iz \u0160panije. Na spletu boste za to plo\u0161\u010dico od\u0161teli le 22,38 EUR, medtem ko v redni prodaji cena zna\u0161a 27,97 EUR.<\/p>\n<p>Kliknite na ime kolekcije za ogled vseh plo\u0161\u010dic iz te serije: <a class=\"pdfcatal\" href=\"\/\/www.ceramictiles.com\/pdf\/vives\/catalogue_vives_etrusco.pdf\" onclick=\"recordOutboundLink(this, 'E-mail', 'Description PDF');return false;\">Ceramica Vives Etrusco<\/a><\/p>\n<p>\u010ce \u017eelite naro\u010diti model iz pdf kataloga te kolekcije, nam pi\u0161ite na: <a href=\"mailto:keramoteka.salon@gmail.com\" onclick=\"recordOutboundLink(this, 'E-mail', 'Description mail');return false;\">keramoteka.salon@gmail.com<\/a> ali pa nas pokli\u010dite na: 031 255 900.<\/p>\n","protected":false},"excerpt":{"rendered":"<p>Velikost te plo\u0161\u010dice je 14&#215;28 cm in je primerna za razli\u010dne povr\u0161ine. Debelina plo\u0161\u010dice je zelo pomembna in 8 mm uvr\u0161\u010da to plo\u0161\u010dico med najkvalitetnej\u0161e. Keramika v rjavi barvi popestri vsak prostor. Vives Etrusco Marron je plo\u0161\u010dica proizvajalca Ceramica Vives in prihaja iz \u0160panije. Na spletu boste za to plo\u0161\u010dico od\u0161teli le 22,38 EUR, medtem [&hellip;]<\/p>\n","protected":false},"featured_media":103111,"template":"","meta":[],"product_cat":[200,230,999,240,999136],"product_tag":[],"_links":{"self":[{"href":"https:\/\/www.keramika.com\/slovenija\/wp-json\/wp\/v2\/product\/103110"}],"collection":[{"href":"https:\/\/www.keramika.com\/slovenija\/wp-json\/wp\/v2\/product"}],"about":[{"href":"https:\/\/www.keramika.com\/slovenija\/wp-json\/wp\/v2\/types\/product"}],"wp:featuredmedia":[{"embeddable":true,"href":"https:\/\/www.keramika.com\/slovenija\/wp-json\/wp\/v2\/media\/103111"}],"wp:attachment":[{"href":"https:\/\/www.keramika.com\/slovenija\/wp-json\/wp\/v2\/media?parent=103110"}],"wp:term":[{"taxonomy":"product_cat","embeddable":true,"href":"https:\/\/www.keramika.com\/slovenija\/wp-json\/wp\/v2\/product_cat?post=103110"},{"taxonomy":"product_tag","embeddable":true,"href":"https:\/\/www.keramika.com\/slovenija\/wp-json\/wp\/v2\/product_tag?post=103110"}],"curies":[{"name":"wp","href":"https:\/\/api.w.org\/{rel}","templated":true}]}}