{"id":103106,"date":"2017-03-22T23:27:27","date_gmt":"2017-03-22T23:27:27","guid":{"rendered":"http:\/\/keramika.holest.com\/slovenija\/product\/vives-epopeya-caliope\/"},"modified":"2026-01-02T00:03:11","modified_gmt":"2026-01-02T00:03:11","slug":"vives-epopeya-caliope","status":"publish","type":"product","link":"https:\/\/www.keramika.com\/slovenija\/vives-epopeya-caliope\/","title":{"rendered":"Vives Epopeya Caliope"},"content":{"rendered":"<p>Velikost te plo\u0161\u010dice je 45&#215;45 cm. Ta plo\u0161\u010dica je debela 10 mm in je zelo trpe\u017ena. Ta kerami\u010dna plo\u0161\u010dica v \u010dudoviti be\u017e barvi bo obogatila vsak prostor. Na spletu boste za to plo\u0161\u010dico od\u0161teli le 160 EUR, medtem ko v redni prodaji cena zna\u0161a 200 EUR. Vives Epopeya Caliope prihaja iz \u0160panije, ki je znana po zelo kvalitetni keramiki v svetovnem merilu.<\/p>\n<p>Kliknite na ime kolekcije za ogled vseh plo\u0161\u010dic iz te serije: <a class=\"pdfcatal\" href=\"\/\/www.ceramictiles.com\/pdf\/vives\/catalogue_vives_epopeya.pdf\" onclick=\"recordOutboundLink(this, 'E-mail', 'Description PDF');return false;\">Ceramica Vives Epopeya<\/a><\/p>\n<p>\u010ce \u017eelite naro\u010diti model iz pdf kataloga te kolekcije, nam pi\u0161ite na: <a href=\"mailto:keramoteka.salon@gmail.com\" onclick=\"recordOutboundLink(this, 'E-mail', 'Description mail');return false;\">keramoteka.salon@gmail.com<\/a> ali pa nas pokli\u010dite na: 031 255 900.<\/p>\n","protected":false},"excerpt":{"rendered":"<p>Velikost te plo\u0161\u010dice je 45&#215;45 cm. Ta plo\u0161\u010dica je debela 10 mm in je zelo trpe\u017ena. Ta kerami\u010dna plo\u0161\u010dica v \u010dudoviti be\u017e barvi bo obogatila vsak prostor. Na spletu boste za to plo\u0161\u010dico od\u0161teli le 160 EUR, medtem ko v redni prodaji cena zna\u0161a 200 EUR. Vives Epopeya Caliope prihaja iz \u0160panije, ki je znana [&hellip;]<\/p>\n","protected":false},"featured_media":103107,"template":"","meta":[],"product_cat":[200,260,999,240,999136],"product_tag":[],"_links":{"self":[{"href":"https:\/\/www.keramika.com\/slovenija\/wp-json\/wp\/v2\/product\/103106"}],"collection":[{"href":"https:\/\/www.keramika.com\/slovenija\/wp-json\/wp\/v2\/product"}],"about":[{"href":"https:\/\/www.keramika.com\/slovenija\/wp-json\/wp\/v2\/types\/product"}],"wp:featuredmedia":[{"embeddable":true,"href":"https:\/\/www.keramika.com\/slovenija\/wp-json\/wp\/v2\/media\/103107"}],"wp:attachment":[{"href":"https:\/\/www.keramika.com\/slovenija\/wp-json\/wp\/v2\/media?parent=103106"}],"wp:term":[{"taxonomy":"product_cat","embeddable":true,"href":"https:\/\/www.keramika.com\/slovenija\/wp-json\/wp\/v2\/product_cat?post=103106"},{"taxonomy":"product_tag","embeddable":true,"href":"https:\/\/www.keramika.com\/slovenija\/wp-json\/wp\/v2\/product_tag?post=103106"}],"curies":[{"name":"wp","href":"https:\/\/api.w.org\/{rel}","templated":true}]}}