{"id":103100,"date":"2017-03-22T23:27:17","date_gmt":"2017-03-22T23:27:17","guid":{"rendered":"http:\/\/keramika.holest.com\/slovenija\/product\/vives-durga-violeta\/"},"modified":"2026-01-02T00:03:11","modified_gmt":"2026-01-02T00:03:11","slug":"vives-durga-violeta","status":"publish","type":"product","link":"https:\/\/www.keramika.com\/slovenija\/vives-durga-violeta\/","title":{"rendered":"Vives Durga Violeta"},"content":{"rendered":"<p>Ta plo\u0161\u010dica je debela 11 mm in je zelo trpe\u017ena. Dimenzije te plo\u0161\u010dice so 33,3&#215;100 cm. Ta model plo\u0161\u010dice se najbolje prodaja v vijoli\u010dni barvi. Prihaja iz \u0160panije, ki po svetu slovi kot ena bolj\u0161ih proizvajalk kerami\u010dnih plo\u0161\u010dic. Vives Durga Violeta je na voljo po zelo ugodni ceni 66,75 EUR.<\/p>\n<p>Kliknite na ime kolekcije za ogled vseh plo\u0161\u010dic iz te serije: <a class=\"pdfcatal\" href=\"\/\/www.ceramictiles.com\/pdf\/vives\/catalogue_vives_durga.pdf\" onclick=\"recordOutboundLink(this, 'E-mail', 'Description PDF');return false;\">Ceramica Vives Durga<\/a><\/p>\n<p>\u010ce \u017eelite naro\u010diti model iz pdf kataloga te kolekcije, nam pi\u0161ite na: <a href=\"mailto:keramoteka.salon@gmail.com\" onclick=\"recordOutboundLink(this, 'E-mail', 'Description mail');return false;\">keramoteka.salon@gmail.com<\/a> ali pa nas pokli\u010dite na: 031 255 900.<\/p>\n","protected":false},"excerpt":{"rendered":"<p>Ta plo\u0161\u010dica je debela 11 mm in je zelo trpe\u017ena. Dimenzije te plo\u0161\u010dice so 33,3&#215;100 cm. Ta model plo\u0161\u010dice se najbolje prodaja v vijoli\u010dni barvi. Prihaja iz \u0160panije, ki po svetu slovi kot ena bolj\u0161ih proizvajalk kerami\u010dnih plo\u0161\u010dic. Vives Durga Violeta je na voljo po zelo ugodni ceni 66,75 EUR. Kliknite na ime kolekcije za [&hellip;]<\/p>\n","protected":false},"featured_media":103101,"template":"","meta":[],"product_cat":[200,220,999,250,999136],"product_tag":[],"_links":{"self":[{"href":"https:\/\/www.keramika.com\/slovenija\/wp-json\/wp\/v2\/product\/103100"}],"collection":[{"href":"https:\/\/www.keramika.com\/slovenija\/wp-json\/wp\/v2\/product"}],"about":[{"href":"https:\/\/www.keramika.com\/slovenija\/wp-json\/wp\/v2\/types\/product"}],"wp:featuredmedia":[{"embeddable":true,"href":"https:\/\/www.keramika.com\/slovenija\/wp-json\/wp\/v2\/media\/103101"}],"wp:attachment":[{"href":"https:\/\/www.keramika.com\/slovenija\/wp-json\/wp\/v2\/media?parent=103100"}],"wp:term":[{"taxonomy":"product_cat","embeddable":true,"href":"https:\/\/www.keramika.com\/slovenija\/wp-json\/wp\/v2\/product_cat?post=103100"},{"taxonomy":"product_tag","embeddable":true,"href":"https:\/\/www.keramika.com\/slovenija\/wp-json\/wp\/v2\/product_tag?post=103100"}],"curies":[{"name":"wp","href":"https:\/\/api.w.org\/{rel}","templated":true}]}}