{"id":103098,"date":"2017-03-22T23:27:14","date_gmt":"2017-03-22T23:27:14","guid":{"rendered":"http:\/\/keramika.holest.com\/slovenija\/product\/vives-duomo-barro\/"},"modified":"2026-01-02T00:03:10","modified_gmt":"2026-01-02T00:03:10","slug":"vives-duomo-barro","status":"publish","type":"product","link":"https:\/\/www.keramika.com\/slovenija\/vives-duomo-barro\/","title":{"rendered":"Vives Duomo Barro"},"content":{"rendered":"<p>Z 40&#215;40 cm je ta plo\u0161\u010dica primerna za razli\u010dne podlage. Ta plo\u0161\u010dica prihaja iz \u0160panije, ki je znana po kvalitetni keramiki. Ta model plo\u0161\u010dice se najbolje prodaja v rjavi barvi. 15 mm debeline je dovolj tudi za zahtevnej\u0161e kupce. Redna cena te plo\u0161\u010dice v maloprodaji zna\u0161a 90 EUR, v na\u0161i spletni trgovini pa jo lahko dobite \u017ee za 72 EUR.<\/p>\n<p>Kliknite na ime kolekcije za ogled vseh plo\u0161\u010dic iz te serije: <a class=\"pdfcatal\" href=\"\/\/www.ceramictiles.com\/pdf\/vives\/catalogue_vives_duomo.pdf\" onclick=\"recordOutboundLink(this, 'E-mail', 'Description PDF');return false;\">Ceramica Vives Duomo<\/a><\/p>\n<p>\u010ce \u017eelite naro\u010diti model iz pdf kataloga te kolekcije, nam pi\u0161ite na: <a href=\"mailto:keramoteka.salon@gmail.com\" onclick=\"recordOutboundLink(this, 'E-mail', 'Description mail');return false;\">keramoteka.salon@gmail.com<\/a> ali pa nas pokli\u010dite na: 031 255 900.<\/p>\n","protected":false},"excerpt":{"rendered":"<p>Z 40&#215;40 cm je ta plo\u0161\u010dica primerna za razli\u010dne podlage. Ta plo\u0161\u010dica prihaja iz \u0160panije, ki je znana po kvalitetni keramiki. Ta model plo\u0161\u010dice se najbolje prodaja v rjavi barvi. 15 mm debeline je dovolj tudi za zahtevnej\u0161e kupce. Redna cena te plo\u0161\u010dice v maloprodaji zna\u0161a 90 EUR, v na\u0161i spletni trgovini pa jo lahko [&hellip;]<\/p>\n","protected":false},"featured_media":103099,"template":"","meta":[],"product_cat":[200,230,999,240,999136],"product_tag":[],"_links":{"self":[{"href":"https:\/\/www.keramika.com\/slovenija\/wp-json\/wp\/v2\/product\/103098"}],"collection":[{"href":"https:\/\/www.keramika.com\/slovenija\/wp-json\/wp\/v2\/product"}],"about":[{"href":"https:\/\/www.keramika.com\/slovenija\/wp-json\/wp\/v2\/types\/product"}],"wp:featuredmedia":[{"embeddable":true,"href":"https:\/\/www.keramika.com\/slovenija\/wp-json\/wp\/v2\/media\/103099"}],"wp:attachment":[{"href":"https:\/\/www.keramika.com\/slovenija\/wp-json\/wp\/v2\/media?parent=103098"}],"wp:term":[{"taxonomy":"product_cat","embeddable":true,"href":"https:\/\/www.keramika.com\/slovenija\/wp-json\/wp\/v2\/product_cat?post=103098"},{"taxonomy":"product_tag","embeddable":true,"href":"https:\/\/www.keramika.com\/slovenija\/wp-json\/wp\/v2\/product_tag?post=103098"}],"curies":[{"name":"wp","href":"https:\/\/api.w.org\/{rel}","templated":true}]}}