{"id":103066,"date":"2017-03-22T23:26:21","date_gmt":"2017-03-22T23:26:21","guid":{"rendered":"http:\/\/keramika.holest.com\/slovenija\/product\/vives-camelot-marfil\/"},"modified":"2026-01-02T00:03:06","modified_gmt":"2026-01-02T00:03:06","slug":"vives-camelot-marfil","status":"publish","type":"product","link":"https:\/\/www.keramika.com\/slovenija\/vives-camelot-marfil\/","title":{"rendered":"Vives Camelot Marfil"},"content":{"rendered":"<p>Vives Camelot Marfil prihaja iz \u0160panije, ki je znana po zelo kvalitetni keramiki v svetovnem merilu. 40,31 EUR v klasi\u010dni trgovini, pri nas pa le 32,25 EUR. Letos so plo\u0161\u010dice v be\u017e barvi zelo za\u017eeljene. 8 mm je debelina, ki zadovolji tudi zahtevnej\u0161e kupce. Z velikostjo 15&#215;15 cm je ta plo\u0161\u010dica primerna ze razli\u010dne povr\u0161ine.<\/p>\n<p>Kliknite na ime kolekcije za ogled vseh plo\u0161\u010dic iz te serije: <a class=\"pdfcatal\" href=\"\/\/www.ceramictiles.com\/pdf\/vives\/catalogue_vives_camelot.pdf\" onclick=\"recordOutboundLink(this, 'E-mail', 'Description PDF');return false;\">Ceramica Vives Camelot<\/a><\/p>\n<p>\u010ce \u017eelite naro\u010diti model iz pdf kataloga te kolekcije, nam pi\u0161ite na: <a href=\"mailto:keramoteka.salon@gmail.com\" onclick=\"recordOutboundLink(this, 'E-mail', 'Description mail');return false;\">keramoteka.salon@gmail.com<\/a> ali pa nas pokli\u010dite na: 031 255 900.<\/p>\n","protected":false},"excerpt":{"rendered":"<p>Vives Camelot Marfil prihaja iz \u0160panije, ki je znana po zelo kvalitetni keramiki v svetovnem merilu. 40,31 EUR v klasi\u010dni trgovini, pri nas pa le 32,25 EUR. Letos so plo\u0161\u010dice v be\u017e barvi zelo za\u017eeljene. 8 mm je debelina, ki zadovolji tudi zahtevnej\u0161e kupce. Z velikostjo 15&#215;15 cm je ta plo\u0161\u010dica primerna ze razli\u010dne povr\u0161ine. [&hellip;]<\/p>\n","protected":false},"featured_media":103067,"template":"","meta":[],"product_cat":[200,220,999,250,999136],"product_tag":[],"_links":{"self":[{"href":"https:\/\/www.keramika.com\/slovenija\/wp-json\/wp\/v2\/product\/103066"}],"collection":[{"href":"https:\/\/www.keramika.com\/slovenija\/wp-json\/wp\/v2\/product"}],"about":[{"href":"https:\/\/www.keramika.com\/slovenija\/wp-json\/wp\/v2\/types\/product"}],"wp:featuredmedia":[{"embeddable":true,"href":"https:\/\/www.keramika.com\/slovenija\/wp-json\/wp\/v2\/media\/103067"}],"wp:attachment":[{"href":"https:\/\/www.keramika.com\/slovenija\/wp-json\/wp\/v2\/media?parent=103066"}],"wp:term":[{"taxonomy":"product_cat","embeddable":true,"href":"https:\/\/www.keramika.com\/slovenija\/wp-json\/wp\/v2\/product_cat?post=103066"},{"taxonomy":"product_tag","embeddable":true,"href":"https:\/\/www.keramika.com\/slovenija\/wp-json\/wp\/v2\/product_tag?post=103066"}],"curies":[{"name":"wp","href":"https:\/\/api.w.org\/{rel}","templated":true}]}}