{"id":103058,"date":"2017-03-22T23:26:09","date_gmt":"2017-03-22T23:26:09","guid":{"rendered":"http:\/\/keramika.holest.com\/slovenija\/product\/vives-bosforo-negro\/"},"modified":"2026-01-02T00:03:04","modified_gmt":"2026-01-02T00:03:04","slug":"vives-bosforo-negro","status":"publish","type":"product","link":"https:\/\/www.keramika.com\/slovenija\/vives-bosforo-negro\/","title":{"rendered":"Vives Bosforo Negro"},"content":{"rendered":"<p>Zelo moderna plo\u0161\u010dica v \u010drni barvi popestri prav vsak prostor. 46,09 EUR v klasi\u010dni trgovini, pri nas pa le 36,88 EUR. Vives Bosforo Negro je pripeljana iz \u0160panije in je zelo kvalitetna. Plo\u0161\u010dica je debela kar 10 mm, kar jo uvr\u0161\u010da med bolj trde plo\u0161\u010dice. Velikost te plo\u0161\u010dice je 30&#215;60 cm.<\/p>\n<p>Kliknite na ime kolekcije za ogled vseh plo\u0161\u010dic iz te serije: <a class=\"pdfcatal\" href=\"\/\/www.ceramictiles.com\/pdf\/vives\/catalogue_vives_bosforo.pdf\" onclick=\"recordOutboundLink(this, 'E-mail', 'Description PDF');return false;\">Ceramica Vives Bosforo<\/a><\/p>\n<p>\u010ce \u017eelite naro\u010diti model iz pdf kataloga te kolekcije, nam pi\u0161ite na: <a href=\"mailto:keramoteka.salon@gmail.com\" onclick=\"recordOutboundLink(this, 'E-mail', 'Description mail');return false;\">keramoteka.salon@gmail.com<\/a> ali pa nas pokli\u010dite na: 031 255 900.<\/p>\n","protected":false},"excerpt":{"rendered":"<p>Zelo moderna plo\u0161\u010dica v \u010drni barvi popestri prav vsak prostor. 46,09 EUR v klasi\u010dni trgovini, pri nas pa le 36,88 EUR. Vives Bosforo Negro je pripeljana iz \u0160panije in je zelo kvalitetna. Plo\u0161\u010dica je debela kar 10 mm, kar jo uvr\u0161\u010da med bolj trde plo\u0161\u010dice. Velikost te plo\u0161\u010dice je 30&#215;60 cm. Kliknite na ime kolekcije [&hellip;]<\/p>\n","protected":false},"featured_media":103059,"template":"","meta":[],"product_cat":[200,260,999,240,999136],"product_tag":[],"_links":{"self":[{"href":"https:\/\/www.keramika.com\/slovenija\/wp-json\/wp\/v2\/product\/103058"}],"collection":[{"href":"https:\/\/www.keramika.com\/slovenija\/wp-json\/wp\/v2\/product"}],"about":[{"href":"https:\/\/www.keramika.com\/slovenija\/wp-json\/wp\/v2\/types\/product"}],"wp:featuredmedia":[{"embeddable":true,"href":"https:\/\/www.keramika.com\/slovenija\/wp-json\/wp\/v2\/media\/103059"}],"wp:attachment":[{"href":"https:\/\/www.keramika.com\/slovenija\/wp-json\/wp\/v2\/media?parent=103058"}],"wp:term":[{"taxonomy":"product_cat","embeddable":true,"href":"https:\/\/www.keramika.com\/slovenija\/wp-json\/wp\/v2\/product_cat?post=103058"},{"taxonomy":"product_tag","embeddable":true,"href":"https:\/\/www.keramika.com\/slovenija\/wp-json\/wp\/v2\/product_tag?post=103058"}],"curies":[{"name":"wp","href":"https:\/\/api.w.org\/{rel}","templated":true}]}}