{"id":103046,"date":"2017-03-22T23:25:52","date_gmt":"2017-03-22T23:25:52","guid":{"rendered":"http:\/\/keramika.holest.com\/slovenija\/product\/vives-barnet-gris\/"},"modified":"2026-01-02T00:03:01","modified_gmt":"2026-01-02T00:03:01","slug":"vives-barnet-gris","status":"publish","type":"product","link":"https:\/\/www.keramika.com\/slovenija\/vives-barnet-gris\/","title":{"rendered":"Vives Barnet Gris"},"content":{"rendered":"<p>30,31 EUR v klasi\u010dni trgovini, pri nas pa le 24,25 EUR. Vives Barnet Gris je plo\u0161\u010dica proizvajalca Ceramica Vives in prihaja iz \u0160panije. Ta plo\u0161\u010dica je na voljo v \u010dudoviti sivi barvi, \u010de \u017eelite kak\u0161no drugo barvo pa nas kontaktirajte in preverili bomo pri proizvajalcu. Debelina plo\u0161\u010dice je zelo pomembna in 9 mm uvr\u0161\u010da to plo\u0161\u010dico med najkvalitetnej\u0161e. Z velikostjo 31,6&#215;31,6 cm je ta plo\u0161\u010dica primerna ze razli\u010dne povr\u0161ine.<\/p>\n<p>Kliknite na ime kolekcije za ogled vseh plo\u0161\u010dic iz te serije: <a class=\"pdfcatal\" href=\"\/\/www.ceramictiles.com\/pdf\/vives\/catalogue_vives_barnet.pdf\" onclick=\"recordOutboundLink(this, 'E-mail', 'Description PDF');return false;\">Ceramica Vives Barnet<\/a><\/p>\n<p>\u010ce \u017eelite naro\u010diti model iz pdf kataloga te kolekcije, nam pi\u0161ite na: <a href=\"mailto:keramoteka.salon@gmail.com\" onclick=\"recordOutboundLink(this, 'E-mail', 'Description mail');return false;\">keramoteka.salon@gmail.com<\/a> ali pa nas pokli\u010dite na: 031 255 900.<\/p>\n","protected":false},"excerpt":{"rendered":"<p>30,31 EUR v klasi\u010dni trgovini, pri nas pa le 24,25 EUR. Vives Barnet Gris je plo\u0161\u010dica proizvajalca Ceramica Vives in prihaja iz \u0160panije. Ta plo\u0161\u010dica je na voljo v \u010dudoviti sivi barvi, \u010de \u017eelite kak\u0161no drugo barvo pa nas kontaktirajte in preverili bomo pri proizvajalcu. Debelina plo\u0161\u010dice je zelo pomembna in 9 mm uvr\u0161\u010da to [&hellip;]<\/p>\n","protected":false},"featured_media":103047,"template":"","meta":[],"product_cat":[200,999,240,999136],"product_tag":[],"_links":{"self":[{"href":"https:\/\/www.keramika.com\/slovenija\/wp-json\/wp\/v2\/product\/103046"}],"collection":[{"href":"https:\/\/www.keramika.com\/slovenija\/wp-json\/wp\/v2\/product"}],"about":[{"href":"https:\/\/www.keramika.com\/slovenija\/wp-json\/wp\/v2\/types\/product"}],"wp:featuredmedia":[{"embeddable":true,"href":"https:\/\/www.keramika.com\/slovenija\/wp-json\/wp\/v2\/media\/103047"}],"wp:attachment":[{"href":"https:\/\/www.keramika.com\/slovenija\/wp-json\/wp\/v2\/media?parent=103046"}],"wp:term":[{"taxonomy":"product_cat","embeddable":true,"href":"https:\/\/www.keramika.com\/slovenija\/wp-json\/wp\/v2\/product_cat?post=103046"},{"taxonomy":"product_tag","embeddable":true,"href":"https:\/\/www.keramika.com\/slovenija\/wp-json\/wp\/v2\/product_tag?post=103046"}],"curies":[{"name":"wp","href":"https:\/\/api.w.org\/{rel}","templated":true}]}}