{"id":103044,"date":"2017-03-22T23:25:47","date_gmt":"2017-03-22T23:25:47","guid":{"rendered":"http:\/\/keramika.holest.com\/slovenija\/product\/vives-barcelona-rambla-terra\/"},"modified":"2026-01-02T00:03:01","modified_gmt":"2026-01-02T00:03:01","slug":"vives-barcelona-rambla-terra","status":"publish","type":"product","link":"https:\/\/www.keramika.com\/slovenija\/vives-barcelona-rambla-terra\/","title":{"rendered":"Vives Barcelona Rambla Terra"},"content":{"rendered":"<p>\u0160irina in dol\u017eina te plo\u0161\u010dice sta 31,6&#215;31,6 cm. Redna cena te plo\u0161\u010dice v maloprodaji zna\u0161a 29,38 EUR, v na\u0161i spletni trgovini pa jo lahko dobite \u017ee za 23,5 EUR. To plo\u0161\u010dico je izdelal proizvajalec Ceramica Vives, ki prihaja iz \u0160panije. Ta kerami\u010dna plo\u0161\u010dica v \u010dudoviti rde\u010di barvi bo obogatila vsak prostor. Debelina plo\u0161\u010dice je zelo pomembna in 9 mm uvr\u0161\u010da to plo\u0161\u010dico med najkvalitetnej\u0161e.<\/p>\n<p>Kliknite na ime kolekcije za ogled vseh plo\u0161\u010dic iz te serije: <a class=\"pdfcatal\" href=\"\/\/www.ceramictiles.com\/pdf\/vives\/catalogue_vives_barcelona.pdf\" onclick=\"recordOutboundLink(this, 'E-mail', 'Description PDF');return false;\">Ceramica Vives Barcelona<\/a><\/p>\n<p>\u010ce \u017eelite naro\u010diti model iz pdf kataloga te kolekcije, nam pi\u0161ite na: <a href=\"mailto:keramoteka.salon@gmail.com\" onclick=\"recordOutboundLink(this, 'E-mail', 'Description mail');return false;\">keramoteka.salon@gmail.com<\/a> ali pa nas pokli\u010dite na: 031 255 900.<\/p>\n","protected":false},"excerpt":{"rendered":"<p>\u0160irina in dol\u017eina te plo\u0161\u010dice sta 31,6&#215;31,6 cm. Redna cena te plo\u0161\u010dice v maloprodaji zna\u0161a 29,38 EUR, v na\u0161i spletni trgovini pa jo lahko dobite \u017ee za 23,5 EUR. To plo\u0161\u010dico je izdelal proizvajalec Ceramica Vives, ki prihaja iz \u0160panije. Ta kerami\u010dna plo\u0161\u010dica v \u010dudoviti rde\u010di barvi bo obogatila vsak prostor. Debelina plo\u0161\u010dice je zelo [&hellip;]<\/p>\n","protected":false},"featured_media":103045,"template":"","meta":[],"product_cat":[200,999,240,999136],"product_tag":[],"_links":{"self":[{"href":"https:\/\/www.keramika.com\/slovenija\/wp-json\/wp\/v2\/product\/103044"}],"collection":[{"href":"https:\/\/www.keramika.com\/slovenija\/wp-json\/wp\/v2\/product"}],"about":[{"href":"https:\/\/www.keramika.com\/slovenija\/wp-json\/wp\/v2\/types\/product"}],"wp:featuredmedia":[{"embeddable":true,"href":"https:\/\/www.keramika.com\/slovenija\/wp-json\/wp\/v2\/media\/103045"}],"wp:attachment":[{"href":"https:\/\/www.keramika.com\/slovenija\/wp-json\/wp\/v2\/media?parent=103044"}],"wp:term":[{"taxonomy":"product_cat","embeddable":true,"href":"https:\/\/www.keramika.com\/slovenija\/wp-json\/wp\/v2\/product_cat?post=103044"},{"taxonomy":"product_tag","embeddable":true,"href":"https:\/\/www.keramika.com\/slovenija\/wp-json\/wp\/v2\/product_tag?post=103044"}],"curies":[{"name":"wp","href":"https:\/\/api.w.org\/{rel}","templated":true}]}}