{"id":103042,"date":"2017-03-22T23:25:44","date_gmt":"2017-03-22T23:25:44","guid":{"rendered":"http:\/\/keramika.holest.com\/slovenija\/product\/vives-baiona-caldera\/"},"modified":"2026-01-02T00:03:01","modified_gmt":"2026-01-02T00:03:01","slug":"vives-baiona-caldera","status":"publish","type":"product","link":"https:\/\/www.keramika.com\/slovenija\/vives-baiona-caldera\/","title":{"rendered":"Vives Baiona Caldera"},"content":{"rendered":"<p>Z 30&#215;30 cm je ta plo\u0161\u010dica primerna za razli\u010dne podlage. V redni prodaji bi morali za to plo\u0161\u010dico od\u0161teti 27,97 EUR, spletna cena pa zna\u0161a le 22,38 EUR. Vives Baiona Caldera prihaja iz \u0160panije, ki je znana po zelo kvalitetni keramiki v svetovnem merilu. Ta model plo\u0161\u010dice se najbolje prodaja v rjavi barvi. Ta plo\u0161\u010dica je debela 7 mm in je zelo trpe\u017ena.<\/p>\n<p>Kliknite na ime kolekcije za ogled vseh plo\u0161\u010dic iz te serije: <a class=\"pdfcatal\" href=\"\/\/www.ceramictiles.com\/pdf\/vives\/catalogue_vives_baiona.pdf\" onclick=\"recordOutboundLink(this, 'E-mail', 'Description PDF');return false;\">Ceramica Vives Baiona<\/a><\/p>\n<p>\u010ce \u017eelite naro\u010diti model iz pdf kataloga te kolekcije, nam pi\u0161ite na: <a href=\"mailto:keramoteka.salon@gmail.com\" onclick=\"recordOutboundLink(this, 'E-mail', 'Description mail');return false;\">keramoteka.salon@gmail.com<\/a> ali pa nas pokli\u010dite na: 031 255 900.<\/p>\n","protected":false},"excerpt":{"rendered":"<p>Z 30&#215;30 cm je ta plo\u0161\u010dica primerna za razli\u010dne podlage. V redni prodaji bi morali za to plo\u0161\u010dico od\u0161teti 27,97 EUR, spletna cena pa zna\u0161a le 22,38 EUR. Vives Baiona Caldera prihaja iz \u0160panije, ki je znana po zelo kvalitetni keramiki v svetovnem merilu. Ta model plo\u0161\u010dice se najbolje prodaja v rjavi barvi. Ta plo\u0161\u010dica [&hellip;]<\/p>\n","protected":false},"featured_media":103043,"template":"","meta":[],"product_cat":[200,999,240,999136],"product_tag":[],"_links":{"self":[{"href":"https:\/\/www.keramika.com\/slovenija\/wp-json\/wp\/v2\/product\/103042"}],"collection":[{"href":"https:\/\/www.keramika.com\/slovenija\/wp-json\/wp\/v2\/product"}],"about":[{"href":"https:\/\/www.keramika.com\/slovenija\/wp-json\/wp\/v2\/types\/product"}],"wp:featuredmedia":[{"embeddable":true,"href":"https:\/\/www.keramika.com\/slovenija\/wp-json\/wp\/v2\/media\/103043"}],"wp:attachment":[{"href":"https:\/\/www.keramika.com\/slovenija\/wp-json\/wp\/v2\/media?parent=103042"}],"wp:term":[{"taxonomy":"product_cat","embeddable":true,"href":"https:\/\/www.keramika.com\/slovenija\/wp-json\/wp\/v2\/product_cat?post=103042"},{"taxonomy":"product_tag","embeddable":true,"href":"https:\/\/www.keramika.com\/slovenija\/wp-json\/wp\/v2\/product_tag?post=103042"}],"curies":[{"name":"wp","href":"https:\/\/api.w.org\/{rel}","templated":true}]}}