{"id":103040,"date":"2017-03-22T23:25:41","date_gmt":"2017-03-22T23:25:41","guid":{"rendered":"http:\/\/keramika.holest.com\/slovenija\/product\/vives-atrio-beige\/"},"modified":"2026-01-02T00:03:00","modified_gmt":"2026-01-02T00:03:00","slug":"vives-atrio-beige","status":"publish","type":"product","link":"https:\/\/www.keramika.com\/slovenija\/vives-atrio-beige\/","title":{"rendered":"Vives Atrio Beige"},"content":{"rendered":"<p>Zaradi ni\u017ejih stro\u0161kov pri spletni prodaji boste na na\u0161i strani za to plo\u0161\u010dico od\u0161teli le 22,38 EUR. Vives Atrio Beige je pripeljana iz \u0160panije in je zelo kvalitetna. Ta plo\u0161\u010dica je debela 9 mm in je zelo trpe\u017ena. Z 31,6&#215;31,6 cm je ta plo\u0161\u010dica primerna za razli\u010dne podlage. Ta kerami\u010dna plo\u0161\u010dica v \u010dudoviti be\u017e barvi bo obogatila vsak prostor.<\/p>\n<p>Kliknite na ime kolekcije za ogled vseh plo\u0161\u010dic iz te serije: <a class=\"pdfcatal\" href=\"\/\/www.ceramictiles.com\/pdf\/vives\/catalogue_vives_atrio.pdf\" onclick=\"recordOutboundLink(this, 'E-mail', 'Description PDF');return false;\">Ceramica Vives Atrio<\/a><\/p>\n<p>\u010ce \u017eelite naro\u010diti model iz pdf kataloga te kolekcije, nam pi\u0161ite na: <a href=\"mailto:keramoteka.salon@gmail.com\" onclick=\"recordOutboundLink(this, 'E-mail', 'Description mail');return false;\">keramoteka.salon@gmail.com<\/a> ali pa nas pokli\u010dite na: 031 255 900.<\/p>\n","protected":false},"excerpt":{"rendered":"<p>Zaradi ni\u017ejih stro\u0161kov pri spletni prodaji boste na na\u0161i strani za to plo\u0161\u010dico od\u0161teli le 22,38 EUR. Vives Atrio Beige je pripeljana iz \u0160panije in je zelo kvalitetna. Ta plo\u0161\u010dica je debela 9 mm in je zelo trpe\u017ena. Z 31,6&#215;31,6 cm je ta plo\u0161\u010dica primerna za razli\u010dne podlage. Ta kerami\u010dna plo\u0161\u010dica v \u010dudoviti be\u017e barvi [&hellip;]<\/p>\n","protected":false},"featured_media":103041,"template":"","meta":[],"product_cat":[200,999,250,240,999136],"product_tag":[],"_links":{"self":[{"href":"https:\/\/www.keramika.com\/slovenija\/wp-json\/wp\/v2\/product\/103040"}],"collection":[{"href":"https:\/\/www.keramika.com\/slovenija\/wp-json\/wp\/v2\/product"}],"about":[{"href":"https:\/\/www.keramika.com\/slovenija\/wp-json\/wp\/v2\/types\/product"}],"wp:featuredmedia":[{"embeddable":true,"href":"https:\/\/www.keramika.com\/slovenija\/wp-json\/wp\/v2\/media\/103041"}],"wp:attachment":[{"href":"https:\/\/www.keramika.com\/slovenija\/wp-json\/wp\/v2\/media?parent=103040"}],"wp:term":[{"taxonomy":"product_cat","embeddable":true,"href":"https:\/\/www.keramika.com\/slovenija\/wp-json\/wp\/v2\/product_cat?post=103040"},{"taxonomy":"product_tag","embeddable":true,"href":"https:\/\/www.keramika.com\/slovenija\/wp-json\/wp\/v2\/product_tag?post=103040"}],"curies":[{"name":"wp","href":"https:\/\/api.w.org\/{rel}","templated":true}]}}