{"id":103036,"date":"2017-03-22T23:25:35","date_gmt":"2017-03-22T23:25:35","guid":{"rendered":"http:\/\/keramika.holest.com\/slovenija\/product\/keramika-imitacija-kamna-crema\/"},"modified":"2026-01-02T00:03:00","modified_gmt":"2026-01-02T00:03:00","slug":"keramika-imitacija-kamna-crema","status":"publish","type":"product","link":"https:\/\/www.keramika.com\/slovenija\/keramika-imitacija-kamna-crema\/","title":{"rendered":"Keramika imitacija kamna Crema"},"content":{"rendered":"<p>Dimenzije te plo\u0161\u010dice so 18,1&#215;45 cm. Ta plo\u0161\u010dica je na voljo v \u010dudoviti be\u017e barvi, \u010de \u017eelite kak\u0161no drugo barvo pa nas kontaktirajte in preverili bomo pri proizvajalcu. Plo\u0161\u010dica je debela kar 11 mm, kar jo uvr\u0161\u010da med bolj trde plo\u0161\u010dice. To plo\u0161\u010dico je izdelal proizvajalec Ceramica Vives, ki prihaja iz \u0160panije. Redna cena te plo\u0161\u010dice v maloprodaji zna\u0161a 110,16 EUR, v na\u0161i spletni trgovini pa jo lahko dobite \u017ee za 88,12 EUR.<\/p>\n<p>Kliknite na ime kolekcije za ogled vseh plo\u0161\u010dic iz te serije: <a class=\"pdfcatal\" href=\"\/\/www.ceramictiles.com\/pdf\/vives\/catalogue_vives_atalaya.pdf\" onclick=\"recordOutboundLink(this, 'E-mail', 'Description PDF');return false;\">Ceramica Vives Atalaya<\/a><\/p>\n<p>\u010ce \u017eelite naro\u010diti model iz pdf kataloga te kolekcije, nam pi\u0161ite na: <a href=\"mailto:keramoteka.salon@gmail.com\" onclick=\"recordOutboundLink(this, 'E-mail', 'Description mail');return false;\">keramoteka.salon@gmail.com<\/a> ali pa nas pokli\u010dite na: 031 255 900.<\/p>\n","protected":false},"excerpt":{"rendered":"<p>Dimenzije te plo\u0161\u010dice so 18,1&#215;45 cm. Ta plo\u0161\u010dica je na voljo v \u010dudoviti be\u017e barvi, \u010de \u017eelite kak\u0161no drugo barvo pa nas kontaktirajte in preverili bomo pri proizvajalcu. Plo\u0161\u010dica je debela kar 11 mm, kar jo uvr\u0161\u010da med bolj trde plo\u0161\u010dice. To plo\u0161\u010dico je izdelal proizvajalec Ceramica Vives, ki prihaja iz \u0160panije. Redna cena te [&hellip;]<\/p>\n","protected":false},"featured_media":103037,"template":"","meta":[],"product_cat":[200,280,999,250,240,999136],"product_tag":[],"_links":{"self":[{"href":"https:\/\/www.keramika.com\/slovenija\/wp-json\/wp\/v2\/product\/103036"}],"collection":[{"href":"https:\/\/www.keramika.com\/slovenija\/wp-json\/wp\/v2\/product"}],"about":[{"href":"https:\/\/www.keramika.com\/slovenija\/wp-json\/wp\/v2\/types\/product"}],"wp:featuredmedia":[{"embeddable":true,"href":"https:\/\/www.keramika.com\/slovenija\/wp-json\/wp\/v2\/media\/103037"}],"wp:attachment":[{"href":"https:\/\/www.keramika.com\/slovenija\/wp-json\/wp\/v2\/media?parent=103036"}],"wp:term":[{"taxonomy":"product_cat","embeddable":true,"href":"https:\/\/www.keramika.com\/slovenija\/wp-json\/wp\/v2\/product_cat?post=103036"},{"taxonomy":"product_tag","embeddable":true,"href":"https:\/\/www.keramika.com\/slovenija\/wp-json\/wp\/v2\/product_tag?post=103036"}],"curies":[{"name":"wp","href":"https:\/\/api.w.org\/{rel}","templated":true}]}}