{"id":103030,"date":"2018-01-20T23:25:26","date_gmt":"2018-01-20T23:25:26","guid":{"rendered":"http:\/\/keramika.holest.com\/slovenija\/product\/ploscice-imitacija-lesa-negro\/"},"modified":"2026-01-02T00:02:59","modified_gmt":"2026-01-02T00:02:59","slug":"ploscice-imitacija-lesa-negro","status":"publish","type":"product","link":"https:\/\/www.keramika.com\/slovenija\/ploscice-imitacija-lesa-negro\/","title":{"rendered":"Plo\u0161\u010dice imitacija lesa Negro"},"content":{"rendered":"<p>Z velikostjo 45&#215;90 cm je ta plo\u0161\u010dica primerna ze razli\u010dne povr\u0161ine. Debelina plo\u0161\u010dice je zelo pomembna in 12 mm uvr\u0161\u010da to plo\u0161\u010dico med najkvalitetnej\u0161e. Vives Arhus Negro je pripeljana iz \u0160panije in je zelo kvalitetna. Namesto 96,72 EUR kot bi za to plo\u0161\u010dico od\u0161teli v klasi\u010dni trgovini, boste v na\u0161i spletni prodajalni od\u0161teli le 77,38 EUR. Keramika v \u010drni barvi popestri vsak prostor.<\/p>\n<p>Kliknite na ime kolekcije za ogled vseh plo\u0161\u010dic iz te serije: <a class=\"pdfcatal\" href=\"\/\/www.ceramictiles.com\/pdf\/vives\/catalogue_vives_arhus.pdf\" onclick=\"recordOutboundLink(this, 'E-mail', 'Description PDF');return false;\">Ceramica Vives Arhus<\/a><\/p>\n<p>\u010ce \u017eelite naro\u010diti model iz pdf kataloga te kolekcije, nam pi\u0161ite na: <a href=\"mailto:keramoteka.salon@gmail.com\" onclick=\"recordOutboundLink(this, 'E-mail', 'Description mail');return false;\">keramoteka.salon@gmail.com<\/a> ali pa nas pokli\u010dite na: 031 255 900.<\/p>\n","protected":false},"excerpt":{"rendered":"<p>Plo\u0161\u010dice imitacia lesa v debelini 10 mm.<br \/>\nVelikost: 14,4 x 89,3 cm; 21,8 x 89,3 cm in 44,3 x 89,3 cm<\/p>\n","protected":false},"featured_media":103031,"template":"","meta":[],"product_cat":[200,260,999,250,240,999136],"product_tag":[99921976,99921978],"_links":{"self":[{"href":"https:\/\/www.keramika.com\/slovenija\/wp-json\/wp\/v2\/product\/103030"}],"collection":[{"href":"https:\/\/www.keramika.com\/slovenija\/wp-json\/wp\/v2\/product"}],"about":[{"href":"https:\/\/www.keramika.com\/slovenija\/wp-json\/wp\/v2\/types\/product"}],"wp:featuredmedia":[{"embeddable":true,"href":"https:\/\/www.keramika.com\/slovenija\/wp-json\/wp\/v2\/media\/103031"}],"wp:attachment":[{"href":"https:\/\/www.keramika.com\/slovenija\/wp-json\/wp\/v2\/media?parent=103030"}],"wp:term":[{"taxonomy":"product_cat","embeddable":true,"href":"https:\/\/www.keramika.com\/slovenija\/wp-json\/wp\/v2\/product_cat?post=103030"},{"taxonomy":"product_tag","embeddable":true,"href":"https:\/\/www.keramika.com\/slovenija\/wp-json\/wp\/v2\/product_tag?post=103030"}],"curies":[{"name":"wp","href":"https:\/\/api.w.org\/{rel}","templated":true}]}}