{"id":103016,"date":"2017-03-22T23:25:05","date_gmt":"2017-03-22T23:25:05","guid":{"rendered":"http:\/\/keramika.holest.com\/slovenija\/product\/vives-altamira-cuero\/"},"modified":"2026-01-02T00:02:56","modified_gmt":"2026-01-02T00:02:56","slug":"vives-altamira-cuero","status":"publish","type":"product","link":"https:\/\/www.keramika.com\/slovenija\/vives-altamira-cuero\/","title":{"rendered":"Vives Altamira Cuero"},"content":{"rendered":"<p>Ta plo\u0161\u010dica prihaja iz \u0160panije, ki je znana po kvalitetni keramiki. Dimenzije te plo\u0161\u010dice so 25&#215;25 cm. V redni prodaji bi morali za to plo\u0161\u010dico od\u0161teti 30,31 EUR, spletna cena pa zna\u0161a le 24,25 EUR. Keramika v be\u017e barvi popestri vsak prostor. 13 mm debeline je dovolj tudi za zahtevnej\u0161e kupce.<\/p>\n<p>Kliknite na ime kolekcije za ogled vseh plo\u0161\u010dic iz te serije: <a class=\"pdfcatal\" href=\"\/\/www.ceramictiles.com\/pdf\/vives\/catalogue_vives_altamira.pdf\" onclick=\"recordOutboundLink(this, 'E-mail', 'Description PDF');return false;\">Ceramica Vives Altamira<\/a><\/p>\n<p>\u010ce \u017eelite naro\u010diti model iz pdf kataloga te kolekcije, nam pi\u0161ite na: <a href=\"mailto:keramoteka.salon@gmail.com\" onclick=\"recordOutboundLink(this, 'E-mail', 'Description mail');return false;\">keramoteka.salon@gmail.com<\/a> ali pa nas pokli\u010dite na: 031 255 900.<\/p>\n","protected":false},"excerpt":{"rendered":"<p>Ta plo\u0161\u010dica prihaja iz \u0160panije, ki je znana po kvalitetni keramiki. Dimenzije te plo\u0161\u010dice so 25&#215;25 cm. V redni prodaji bi morali za to plo\u0161\u010dico od\u0161teti 30,31 EUR, spletna cena pa zna\u0161a le 24,25 EUR. Keramika v be\u017e barvi popestri vsak prostor. 13 mm debeline je dovolj tudi za zahtevnej\u0161e kupce. Kliknite na ime kolekcije [&hellip;]<\/p>\n","protected":false},"featured_media":103017,"template":"","meta":[],"product_cat":[200,230,999,240,999136],"product_tag":[],"_links":{"self":[{"href":"https:\/\/www.keramika.com\/slovenija\/wp-json\/wp\/v2\/product\/103016"}],"collection":[{"href":"https:\/\/www.keramika.com\/slovenija\/wp-json\/wp\/v2\/product"}],"about":[{"href":"https:\/\/www.keramika.com\/slovenija\/wp-json\/wp\/v2\/types\/product"}],"wp:featuredmedia":[{"embeddable":true,"href":"https:\/\/www.keramika.com\/slovenija\/wp-json\/wp\/v2\/media\/103017"}],"wp:attachment":[{"href":"https:\/\/www.keramika.com\/slovenija\/wp-json\/wp\/v2\/media?parent=103016"}],"wp:term":[{"taxonomy":"product_cat","embeddable":true,"href":"https:\/\/www.keramika.com\/slovenija\/wp-json\/wp\/v2\/product_cat?post=103016"},{"taxonomy":"product_tag","embeddable":true,"href":"https:\/\/www.keramika.com\/slovenija\/wp-json\/wp\/v2\/product_tag?post=103016"}],"curies":[{"name":"wp","href":"https:\/\/api.w.org\/{rel}","templated":true}]}}