{"id":103014,"date":"2017-03-22T23:25:01","date_gmt":"2017-03-22T23:25:01","guid":{"rendered":"http:\/\/keramika.holest.com\/slovenija\/product\/vives-aldaba-cuero\/"},"modified":"2026-01-02T00:02:56","modified_gmt":"2026-01-02T00:02:56","slug":"vives-aldaba-cuero","status":"publish","type":"product","link":"https:\/\/www.keramika.com\/slovenija\/vives-aldaba-cuero\/","title":{"rendered":"Vives Aldaba Cuero"},"content":{"rendered":"<p>Velikost te plo\u0161\u010dice je 31,6&#215;31,6 cm in je primerna za razli\u010dne povr\u0161ine. V redni prodaji bi morali za to plo\u0161\u010dico od\u0161teti 33,44 EUR, spletna cena pa zna\u0161a le 26,75 EUR. Ta plo\u0161\u010dica prihaja iz \u0160panije, ki je znana po kvalitetni keramiki. 13 mm debeline je dovolj tudi za zahtevnej\u0161e kupce. Pri izbiri plo\u0161\u010dice v rjavi barvi ne morete zgre\u0161iti.<\/p>\n<p>Kliknite na ime kolekcije za ogled vseh plo\u0161\u010dic iz te serije: <a class=\"pdfcatal\" href=\"\/\/www.ceramictiles.com\/pdf\/vives\/catalogue_vives_aldaba.pdf\" onclick=\"recordOutboundLink(this, 'E-mail', 'Description PDF');return false;\">Ceramica Vives Aldaba<\/a><\/p>\n<p>\u010ce \u017eelite naro\u010diti model iz pdf kataloga te kolekcije, nam pi\u0161ite na: <a href=\"mailto:keramoteka.salon@gmail.com\" onclick=\"recordOutboundLink(this, 'E-mail', 'Description mail');return false;\">keramoteka.salon@gmail.com<\/a> ali pa nas pokli\u010dite na: 031 255 900.<\/p>\n","protected":false},"excerpt":{"rendered":"<p>Velikost te plo\u0161\u010dice je 31,6&#215;31,6 cm in je primerna za razli\u010dne povr\u0161ine. V redni prodaji bi morali za to plo\u0161\u010dico od\u0161teti 33,44 EUR, spletna cena pa zna\u0161a le 26,75 EUR. Ta plo\u0161\u010dica prihaja iz \u0160panije, ki je znana po kvalitetni keramiki. 13 mm debeline je dovolj tudi za zahtevnej\u0161e kupce. Pri izbiri plo\u0161\u010dice v rjavi [&hellip;]<\/p>\n","protected":false},"featured_media":103015,"template":"","meta":[],"product_cat":[200,230,999,240,999136],"product_tag":[],"_links":{"self":[{"href":"https:\/\/www.keramika.com\/slovenija\/wp-json\/wp\/v2\/product\/103014"}],"collection":[{"href":"https:\/\/www.keramika.com\/slovenija\/wp-json\/wp\/v2\/product"}],"about":[{"href":"https:\/\/www.keramika.com\/slovenija\/wp-json\/wp\/v2\/types\/product"}],"wp:featuredmedia":[{"embeddable":true,"href":"https:\/\/www.keramika.com\/slovenija\/wp-json\/wp\/v2\/media\/103015"}],"wp:attachment":[{"href":"https:\/\/www.keramika.com\/slovenija\/wp-json\/wp\/v2\/media?parent=103014"}],"wp:term":[{"taxonomy":"product_cat","embeddable":true,"href":"https:\/\/www.keramika.com\/slovenija\/wp-json\/wp\/v2\/product_cat?post=103014"},{"taxonomy":"product_tag","embeddable":true,"href":"https:\/\/www.keramika.com\/slovenija\/wp-json\/wp\/v2\/product_tag?post=103014"}],"curies":[{"name":"wp","href":"https:\/\/api.w.org\/{rel}","templated":true}]}}