{"id":103004,"date":"2017-03-22T23:24:44","date_gmt":"2017-03-22T23:24:44","guid":{"rendered":"http:\/\/keramika.holest.com\/slovenija\/product\/talne-porcelan-ploscice-cinca-viana-white\/"},"modified":"2026-01-02T00:02:54","modified_gmt":"2026-01-02T00:02:54","slug":"talne-porcelan-ploscice-cinca-viana-white","status":"publish","type":"product","link":"https:\/\/www.keramika.com\/slovenija\/talne-porcelan-ploscice-cinca-viana-white\/","title":{"rendered":"Talne porcelan plo\u0161\u010dice Cinca Viana White"},"content":{"rendered":"<p>Plo\u0161\u010dica je debela kar 8 mm, kar jo uvr\u0161\u010da med bolj trde plo\u0161\u010dice. V redni prodaji bi morali za to plo\u0161\u010dico od\u0161teti 24,06 EUR, spletna cena pa zna\u0161a le 19,25 EUR. Cinca Viana White je plo\u0161\u010dica proizvajalca Cinca in prihaja iz Portugalske. Ta model plo\u0161\u010dice se najbolje prodaja v beli barvi. Z 33&#215;33 cm je ta plo\u0161\u010dica primerna za razli\u010dne podlage.<\/p>\n<p>Kliknite na ime kolekcije za ogled vseh plo\u0161\u010dic iz te serije: <a class=\"pdfcatal\" href=\"\/\/www.ceramictiles.com\/pdf\/cinca\/catalogue_cinca_viana.pdf\" onclick=\"recordOutboundLink(this, 'E-mail', 'Description PDF');return false;\">Cinca Viana<\/a><\/p>\n<p>\u010ce \u017eelite naro\u010diti model iz pdf kataloga te kolekcije, nam pi\u0161ite na: <a href=\"mailto:keramoteka.salon@gmail.com\" onclick=\"recordOutboundLink(this, 'E-mail', 'Description mail');return false;\">keramoteka.salon@gmail.com<\/a> ali pa nas pokli\u010dite na: 031 255 900.<\/p>\n<p>Technical description: <br \/> F 40&#215;40 ; 33&#215;33 <br \/>Viana Branco ; Viana Bege ; Viana Marfim ; Viana P\u00eassego ; Viana Cinza ;<\/p>\n","protected":false},"excerpt":{"rendered":"<p>Plo\u0161\u010dica je debela kar 8 mm, kar jo uvr\u0161\u010da med bolj trde plo\u0161\u010dice. V redni prodaji bi morali za to plo\u0161\u010dico od\u0161teti 24,06 EUR, spletna cena pa zna\u0161a le 19,25 EUR. Cinca Viana White je plo\u0161\u010dica proizvajalca Cinca in prihaja iz Portugalske. Ta model plo\u0161\u010dice se najbolje prodaja v beli barvi. Z 33&#215;33 cm je [&hellip;]<\/p>\n","protected":false},"featured_media":103005,"template":"","meta":[],"product_cat":[999968,200,220,999,240],"product_tag":[],"_links":{"self":[{"href":"https:\/\/www.keramika.com\/slovenija\/wp-json\/wp\/v2\/product\/103004"}],"collection":[{"href":"https:\/\/www.keramika.com\/slovenija\/wp-json\/wp\/v2\/product"}],"about":[{"href":"https:\/\/www.keramika.com\/slovenija\/wp-json\/wp\/v2\/types\/product"}],"wp:featuredmedia":[{"embeddable":true,"href":"https:\/\/www.keramika.com\/slovenija\/wp-json\/wp\/v2\/media\/103005"}],"wp:attachment":[{"href":"https:\/\/www.keramika.com\/slovenija\/wp-json\/wp\/v2\/media?parent=103004"}],"wp:term":[{"taxonomy":"product_cat","embeddable":true,"href":"https:\/\/www.keramika.com\/slovenija\/wp-json\/wp\/v2\/product_cat?post=103004"},{"taxonomy":"product_tag","embeddable":true,"href":"https:\/\/www.keramika.com\/slovenija\/wp-json\/wp\/v2\/product_tag?post=103004"}],"curies":[{"name":"wp","href":"https:\/\/api.w.org\/{rel}","templated":true}]}}