{"id":103002,"date":"2017-03-22T23:24:41","date_gmt":"2017-03-22T23:24:41","guid":{"rendered":"http:\/\/keramika.holest.com\/slovenija\/product\/ploscice-za-kopalnico-cinca-venetian-pompei-ivory\/"},"modified":"2026-01-02T00:02:54","modified_gmt":"2026-01-02T00:02:54","slug":"ploscice-za-kopalnico-cinca-venetian-pompei-ivory","status":"publish","type":"product","link":"https:\/\/www.keramika.com\/slovenija\/ploscice-za-kopalnico-cinca-venetian-pompei-ivory\/","title":{"rendered":"Plo\u0161\u010dice za kopalnico Cinca Venetian Pompei Ivory"},"content":{"rendered":"<p>Velikost te plo\u0161\u010dice je 33&#215;33 cm in je primerna za razli\u010dne povr\u0161ine. Pri izbiri plo\u0161\u010dice v be\u017e barvi ne morete zgre\u0161iti. Ta plo\u0161\u010dica je debela 8 mm in je zelo trpe\u017ena. Ta plo\u0161\u010dica prihaja iz Portugalske, ki je znana po kvalitetni keramiki. Cinca Venetian Pompei Ivory je na voljo po zelo ugodni ceni 17,6 EUR.<\/p>\n<p>Kliknite na ime kolekcije za ogled vseh plo\u0161\u010dic iz te serije: <a class=\"pdfcatal\" href=\"\/\/www.ceramictiles.com\/pdf\/cinca\/catalogue_cinca_venetian.pdf\" onclick=\"recordOutboundLink(this, 'E-mail', 'Description PDF');return false;\">Cinca Venetian<\/a><\/p>\n<p>\u010ce \u017eelite naro\u010diti model iz pdf kataloga te kolekcije, nam pi\u0161ite na: <a href=\"mailto:keramoteka.salon@gmail.com\" onclick=\"recordOutboundLink(this, 'E-mail', 'Description mail');return false;\">keramoteka.salon@gmail.com<\/a> ali pa nas pokli\u010dite na: 031 255 900.<\/p>\n<p>Technical description: <br \/> W &#038; F 25&#215;55 ; 33&#215;33 <br \/>Venetian Noz ; Venetian Marfim ;<\/p>\n","protected":false},"excerpt":{"rendered":"<p>Velikost te plo\u0161\u010dice je 33&#215;33 cm in je primerna za razli\u010dne povr\u0161ine. Pri izbiri plo\u0161\u010dice v be\u017e barvi ne morete zgre\u0161iti. Ta plo\u0161\u010dica je debela 8 mm in je zelo trpe\u017ena. Ta plo\u0161\u010dica prihaja iz Portugalske, ki je znana po kvalitetni keramiki. Cinca Venetian Pompei Ivory je na voljo po zelo ugodni ceni 17,6 EUR. [&hellip;]<\/p>\n","protected":false},"featured_media":103003,"template":"","meta":[],"product_cat":[999968,200,220,999,240],"product_tag":[],"_links":{"self":[{"href":"https:\/\/www.keramika.com\/slovenija\/wp-json\/wp\/v2\/product\/103002"}],"collection":[{"href":"https:\/\/www.keramika.com\/slovenija\/wp-json\/wp\/v2\/product"}],"about":[{"href":"https:\/\/www.keramika.com\/slovenija\/wp-json\/wp\/v2\/types\/product"}],"wp:featuredmedia":[{"embeddable":true,"href":"https:\/\/www.keramika.com\/slovenija\/wp-json\/wp\/v2\/media\/103003"}],"wp:attachment":[{"href":"https:\/\/www.keramika.com\/slovenija\/wp-json\/wp\/v2\/media?parent=103002"}],"wp:term":[{"taxonomy":"product_cat","embeddable":true,"href":"https:\/\/www.keramika.com\/slovenija\/wp-json\/wp\/v2\/product_cat?post=103002"},{"taxonomy":"product_tag","embeddable":true,"href":"https:\/\/www.keramika.com\/slovenija\/wp-json\/wp\/v2\/product_tag?post=103002"}],"curies":[{"name":"wp","href":"https:\/\/api.w.org\/{rel}","templated":true}]}}