{"id":102998,"date":"2017-03-22T23:24:35","date_gmt":"2017-03-22T23:24:35","guid":{"rendered":"http:\/\/keramika.holest.com\/slovenija\/product\/talne-ploscice-cinca-synergie-white\/"},"modified":"2026-01-02T00:02:53","modified_gmt":"2026-01-02T00:02:53","slug":"talne-ploscice-cinca-synergie-white","status":"publish","type":"product","link":"https:\/\/www.keramika.com\/slovenija\/talne-ploscice-cinca-synergie-white\/","title":{"rendered":"Talne plo\u0161\u010dice Cinca Synergie White"},"content":{"rendered":"<p>Ta plo\u0161\u010dica prihaja iz Portugalske, ki je znana po kvalitetni keramiki. \u0160irina in dol\u017eina te plo\u0161\u010dice sta 33&#215;33 cm. Plo\u0161\u010dica je debela kar 8 mm, kar jo uvr\u0161\u010da med bolj trde plo\u0161\u010dice. Cinca Synergie White je na voljo po zelo ugodni ceni 24,45 EUR. Ta model plo\u0161\u010dice se najbolje prodaja v beli barvi.<\/p>\n<p>Kliknite na ime kolekcije za ogled vseh plo\u0161\u010dic iz te serije: <a class=\"pdfcatal\" href=\"\/\/www.ceramictiles.com\/pdf\/cinca\/catalogue_cinca_synergie.pdf\" onclick=\"recordOutboundLink(this, 'E-mail', 'Description PDF');return false;\">Cinca Synergie<\/a><\/p>\n<p>\u010ce \u017eelite naro\u010diti model iz pdf kataloga te kolekcije, nam pi\u0161ite na: <a href=\"mailto:keramoteka.salon@gmail.com\" onclick=\"recordOutboundLink(this, 'E-mail', 'Description mail');return false;\">keramoteka.salon@gmail.com<\/a> ali pa nas pokli\u010dite na: 031 255 900.<\/p>\n<p>Technical description: <br \/> F 33&#215;33 <br \/>Synergie Branco ; Synergie Cinza ; Synergie Antracite ; Synergie P\u00e9rola ; Synergie Bronze ; Synergie Cotto ;<\/p>\n","protected":false},"excerpt":{"rendered":"<p>Ta plo\u0161\u010dica prihaja iz Portugalske, ki je znana po kvalitetni keramiki. \u0160irina in dol\u017eina te plo\u0161\u010dice sta 33&#215;33 cm. Plo\u0161\u010dica je debela kar 8 mm, kar jo uvr\u0161\u010da med bolj trde plo\u0161\u010dice. Cinca Synergie White je na voljo po zelo ugodni ceni 24,45 EUR. Ta model plo\u0161\u010dice se najbolje prodaja v beli barvi. Kliknite na [&hellip;]<\/p>\n","protected":false},"featured_media":102999,"template":"","meta":[],"product_cat":[999968,200,220,999,240],"product_tag":[],"_links":{"self":[{"href":"https:\/\/www.keramika.com\/slovenija\/wp-json\/wp\/v2\/product\/102998"}],"collection":[{"href":"https:\/\/www.keramika.com\/slovenija\/wp-json\/wp\/v2\/product"}],"about":[{"href":"https:\/\/www.keramika.com\/slovenija\/wp-json\/wp\/v2\/types\/product"}],"wp:featuredmedia":[{"embeddable":true,"href":"https:\/\/www.keramika.com\/slovenija\/wp-json\/wp\/v2\/media\/102999"}],"wp:attachment":[{"href":"https:\/\/www.keramika.com\/slovenija\/wp-json\/wp\/v2\/media?parent=102998"}],"wp:term":[{"taxonomy":"product_cat","embeddable":true,"href":"https:\/\/www.keramika.com\/slovenija\/wp-json\/wp\/v2\/product_cat?post=102998"},{"taxonomy":"product_tag","embeddable":true,"href":"https:\/\/www.keramika.com\/slovenija\/wp-json\/wp\/v2\/product_tag?post=102998"}],"curies":[{"name":"wp","href":"https:\/\/api.w.org\/{rel}","templated":true}]}}