{"id":102992,"date":"2017-03-22T23:24:27","date_gmt":"2017-03-22T23:24:27","guid":{"rendered":"http:\/\/keramika.holest.com\/slovenija\/product\/talne-ploscice-cinca-sinfonia-rose\/"},"modified":"2026-01-02T00:02:53","modified_gmt":"2026-01-02T00:02:53","slug":"talne-ploscice-cinca-sinfonia-rose","status":"publish","type":"product","link":"https:\/\/www.keramika.com\/slovenija\/talne-ploscice-cinca-sinfonia-rose\/","title":{"rendered":"Talne plo\u0161\u010dice Cinca Sinfonia Rose"},"content":{"rendered":"<p>Ta plo\u0161\u010dica je debela 8 mm in je zelo trpe\u017ena. Namesto 22 EUR kot bi za to plo\u0161\u010dico od\u0161teli v klasi\u010dni trgovini, boste v na\u0161i spletni prodajalni od\u0161teli le 17,6 EUR. Prihaja iz Portugalske, ki po svetu slovi kot ena bolj\u0161ih proizvajalk kerami\u010dnih plo\u0161\u010dic. Ta kerami\u010dna plo\u0161\u010dica v \u010dudoviti roza barvi bo obogatila vsak prostor. Z velikostjo 33&#215;33 cm je ta plo\u0161\u010dica primerna ze razli\u010dne povr\u0161ine.<\/p>\n<p>Kliknite na ime kolekcije za ogled vseh plo\u0161\u010dic iz te serije: <a class=\"pdfcatal\" href=\"\/\/www.ceramictiles.com\/pdf\/cinca\/catalogue_cinca_sinfonia.pdf\" onclick=\"recordOutboundLink(this, 'E-mail', 'Description PDF');return false;\">Cinca Sinfonia<\/a><\/p>\n<p>\u010ce \u017eelite naro\u010diti model iz pdf kataloga te kolekcije, nam pi\u0161ite na: <a href=\"mailto:keramoteka.salon@gmail.com\" onclick=\"recordOutboundLink(this, 'E-mail', 'Description mail');return false;\">keramoteka.salon@gmail.com<\/a> ali pa nas pokli\u010dite na: 031 255 900.<\/p>\n<p>Technical description: <br \/> F 33&#215;33 <br \/>Sinfonia Cinza ; Sinfonia Bege ; Sinfonia Rosa ;<\/p>\n","protected":false},"excerpt":{"rendered":"<p>Ta plo\u0161\u010dica je debela 8 mm in je zelo trpe\u017ena. Namesto 22 EUR kot bi za to plo\u0161\u010dico od\u0161teli v klasi\u010dni trgovini, boste v na\u0161i spletni prodajalni od\u0161teli le 17,6 EUR. Prihaja iz Portugalske, ki po svetu slovi kot ena bolj\u0161ih proizvajalk kerami\u010dnih plo\u0161\u010dic. Ta kerami\u010dna plo\u0161\u010dica v \u010dudoviti roza barvi bo obogatila vsak prostor. [&hellip;]<\/p>\n","protected":false},"featured_media":102993,"template":"","meta":[],"product_cat":[999968,200,220,999,240],"product_tag":[],"_links":{"self":[{"href":"https:\/\/www.keramika.com\/slovenija\/wp-json\/wp\/v2\/product\/102992"}],"collection":[{"href":"https:\/\/www.keramika.com\/slovenija\/wp-json\/wp\/v2\/product"}],"about":[{"href":"https:\/\/www.keramika.com\/slovenija\/wp-json\/wp\/v2\/types\/product"}],"wp:featuredmedia":[{"embeddable":true,"href":"https:\/\/www.keramika.com\/slovenija\/wp-json\/wp\/v2\/media\/102993"}],"wp:attachment":[{"href":"https:\/\/www.keramika.com\/slovenija\/wp-json\/wp\/v2\/media?parent=102992"}],"wp:term":[{"taxonomy":"product_cat","embeddable":true,"href":"https:\/\/www.keramika.com\/slovenija\/wp-json\/wp\/v2\/product_cat?post=102992"},{"taxonomy":"product_tag","embeddable":true,"href":"https:\/\/www.keramika.com\/slovenija\/wp-json\/wp\/v2\/product_tag?post=102992"}],"curies":[{"name":"wp","href":"https:\/\/api.w.org\/{rel}","templated":true}]}}