{"id":102990,"date":"2017-03-22T23:24:24","date_gmt":"2017-03-22T23:24:24","guid":{"rendered":"http:\/\/keramika.holest.com\/slovenija\/product\/talne-porcelan-ploscice-cinca-siena-orange\/"},"modified":"2026-01-02T00:02:53","modified_gmt":"2026-01-02T00:02:53","slug":"talne-porcelan-ploscice-cinca-siena-orange","status":"publish","type":"product","link":"https:\/\/www.keramika.com\/slovenija\/talne-porcelan-ploscice-cinca-siena-orange\/","title":{"rendered":"Talne porcelan plo\u0161\u010dice Cinca Siena Orange"},"content":{"rendered":"<p>Z velikostjo 33&#215;33 cm je ta plo\u0161\u010dica primerna ze razli\u010dne povr\u0161ine. Cinca Siena Orange je plo\u0161\u010dica proizvajalca Cinca in prihaja iz Portugalske. Cinca Siena Orange je na voljo po zelo ugodni ceni 19,75 EUR. Letos so plo\u0161\u010dice v oran\u017eni barvi zelo za\u017eeljene. Debelina kar 8 mm dela to plo\u0161\u010dico zelo trpe\u017eno in presti\u017eno na otip.<\/p>\n<p>Kliknite na ime kolekcije za ogled vseh plo\u0161\u010dic iz te serije: <a class=\"pdfcatal\" href=\"\/\/www.ceramictiles.com\/pdf\/cinca\/catalogue_cinca_siena.pdf\" onclick=\"recordOutboundLink(this, 'E-mail', 'Description PDF');return false;\">Cinca Siena<\/a><\/p>\n<p>\u010ce \u017eelite naro\u010diti model iz pdf kataloga te kolekcije, nam pi\u0161ite na: <a href=\"mailto:keramoteka.salon@gmail.com\" onclick=\"recordOutboundLink(this, 'E-mail', 'Description mail');return false;\">keramoteka.salon@gmail.com<\/a> ali pa nas pokli\u010dite na: 031 255 900.<\/p>\n<p>Technical description: <br \/> F 33&#215;33 <br \/>Siena Branco ; Siena Laranja ; Siena Rosa ; Siena Vermelho ;<\/p>\n","protected":false},"excerpt":{"rendered":"<p>Z velikostjo 33&#215;33 cm je ta plo\u0161\u010dica primerna ze razli\u010dne povr\u0161ine. Cinca Siena Orange je plo\u0161\u010dica proizvajalca Cinca in prihaja iz Portugalske. Cinca Siena Orange je na voljo po zelo ugodni ceni 19,75 EUR. Letos so plo\u0161\u010dice v oran\u017eni barvi zelo za\u017eeljene. Debelina kar 8 mm dela to plo\u0161\u010dico zelo trpe\u017eno in presti\u017eno na otip. [&hellip;]<\/p>\n","protected":false},"featured_media":102991,"template":"","meta":[],"product_cat":[999968,200,230,999,240],"product_tag":[],"_links":{"self":[{"href":"https:\/\/www.keramika.com\/slovenija\/wp-json\/wp\/v2\/product\/102990"}],"collection":[{"href":"https:\/\/www.keramika.com\/slovenija\/wp-json\/wp\/v2\/product"}],"about":[{"href":"https:\/\/www.keramika.com\/slovenija\/wp-json\/wp\/v2\/types\/product"}],"wp:featuredmedia":[{"embeddable":true,"href":"https:\/\/www.keramika.com\/slovenija\/wp-json\/wp\/v2\/media\/102991"}],"wp:attachment":[{"href":"https:\/\/www.keramika.com\/slovenija\/wp-json\/wp\/v2\/media?parent=102990"}],"wp:term":[{"taxonomy":"product_cat","embeddable":true,"href":"https:\/\/www.keramika.com\/slovenija\/wp-json\/wp\/v2\/product_cat?post=102990"},{"taxonomy":"product_tag","embeddable":true,"href":"https:\/\/www.keramika.com\/slovenija\/wp-json\/wp\/v2\/product_tag?post=102990"}],"curies":[{"name":"wp","href":"https:\/\/api.w.org\/{rel}","templated":true}]}}