{"id":102988,"date":"2017-03-22T23:24:21","date_gmt":"2017-03-22T23:24:21","guid":{"rendered":"http:\/\/keramika.holest.com\/slovenija\/product\/ploscice-za-kopalnico-cinca-scala-travertino-beige\/"},"modified":"2026-01-02T00:02:52","modified_gmt":"2026-01-02T00:02:52","slug":"ploscice-za-kopalnico-cinca-scala-travertino-beige","status":"publish","type":"product","link":"https:\/\/www.keramika.com\/slovenija\/ploscice-za-kopalnico-cinca-scala-travertino-beige\/","title":{"rendered":"Plo\u0161\u010dice za kopalnico Cinca Scala Travertino Beige"},"content":{"rendered":"<p>Debelina kar 11 mm dela to plo\u0161\u010dico zelo trpe\u017eno in presti\u017eno na otip. Velikost te plo\u0161\u010dice je 32&#215;75 cm. Cinca Scala Travertino Beige je plo\u0161\u010dica proizvajalca Cinca in prihaja iz Portugalske. Ta model plo\u0161\u010dice se najbolje prodaja v be\u017e barvi. 59,69 EUR v klasi\u010dni trgovini, pri nas pa le 47,75 EUR.<\/p>\n<p>Kliknite na ime kolekcije za ogled vseh plo\u0161\u010dic iz te serije: <a class=\"pdfcatal\" href=\"\/\/www.ceramictiles.com\/pdf\/cinca\/catalogue_cinca_scala.pdf\" onclick=\"recordOutboundLink(this, 'E-mail', 'Description PDF');return false;\">Cinca Scala<\/a><\/p>\n<p>\u010ce \u017eelite naro\u010diti model iz pdf kataloga te kolekcije, nam pi\u0161ite na: <a href=\"mailto:keramoteka.salon@gmail.com\" onclick=\"recordOutboundLink(this, 'E-mail', 'Description mail');return false;\">keramoteka.salon@gmail.com<\/a> ali pa nas pokli\u010dite na: 031 255 900.<\/p>\n<p>Technical description: <br \/> W &#038; F 32&#215;75 ; 32&#215;32 <br \/>Scala Carrara ; Scala Preto Marquinha ; Scala Travertino Bege ; Scala Creme Marfim ;<\/p>\n","protected":false},"excerpt":{"rendered":"<p>Debelina kar 11 mm dela to plo\u0161\u010dico zelo trpe\u017eno in presti\u017eno na otip. Velikost te plo\u0161\u010dice je 32&#215;75 cm. Cinca Scala Travertino Beige je plo\u0161\u010dica proizvajalca Cinca in prihaja iz Portugalske. Ta model plo\u0161\u010dice se najbolje prodaja v be\u017e barvi. 59,69 EUR v klasi\u010dni trgovini, pri nas pa le 47,75 EUR. Kliknite na ime kolekcije [&hellip;]<\/p>\n","protected":false},"featured_media":102989,"template":"","meta":[],"product_cat":[999968,200,220,999,250],"product_tag":[],"_links":{"self":[{"href":"https:\/\/www.keramika.com\/slovenija\/wp-json\/wp\/v2\/product\/102988"}],"collection":[{"href":"https:\/\/www.keramika.com\/slovenija\/wp-json\/wp\/v2\/product"}],"about":[{"href":"https:\/\/www.keramika.com\/slovenija\/wp-json\/wp\/v2\/types\/product"}],"wp:featuredmedia":[{"embeddable":true,"href":"https:\/\/www.keramika.com\/slovenija\/wp-json\/wp\/v2\/media\/102989"}],"wp:attachment":[{"href":"https:\/\/www.keramika.com\/slovenija\/wp-json\/wp\/v2\/media?parent=102988"}],"wp:term":[{"taxonomy":"product_cat","embeddable":true,"href":"https:\/\/www.keramika.com\/slovenija\/wp-json\/wp\/v2\/product_cat?post=102988"},{"taxonomy":"product_tag","embeddable":true,"href":"https:\/\/www.keramika.com\/slovenija\/wp-json\/wp\/v2\/product_tag?post=102988"}],"curies":[{"name":"wp","href":"https:\/\/api.w.org\/{rel}","templated":true}]}}