{"id":102986,"date":"2017-03-22T23:24:18","date_gmt":"2017-03-22T23:24:18","guid":{"rendered":"http:\/\/keramika.holest.com\/slovenija\/product\/talne-porcelan-ploscice-cinca-royal-grey\/"},"modified":"2026-01-02T00:02:52","modified_gmt":"2026-01-02T00:02:52","slug":"talne-porcelan-ploscice-cinca-royal-grey","status":"publish","type":"product","link":"https:\/\/www.keramika.com\/slovenija\/talne-porcelan-ploscice-cinca-royal-grey\/","title":{"rendered":"Talne porcelan plo\u0161\u010dice Cinca Royal Grey"},"content":{"rendered":"<p>Cinca Royal Grey prihaja iz Portugalske, ki je znana po zelo kvalitetni keramiki v svetovnem merilu. Plo\u0161\u010dica je debela kar 9 mm, kar jo uvr\u0161\u010da med bolj trde plo\u0161\u010dice. Ta model plo\u0161\u010dice se najbolje prodaja v sivi barvi. \u0160irina in dol\u017eina te plo\u0161\u010dice sta 40&#215;40 cm. 28,69 EUR v klasi\u010dni trgovini, pri nas pa le 22,95 EUR.<\/p>\n<p>Kliknite na ime kolekcije za ogled vseh plo\u0161\u010dic iz te serije: <a class=\"pdfcatal\" href=\"\/\/www.ceramictiles.com\/pdf\/cinca\/catalogue_cinca_royal.pdf\" onclick=\"recordOutboundLink(this, 'E-mail', 'Description PDF');return false;\">Cinca Royal<\/a><\/p>\n<p>\u010ce \u017eelite naro\u010diti model iz pdf kataloga te kolekcije, nam pi\u0161ite na: <a href=\"mailto:keramoteka.salon@gmail.com\" onclick=\"recordOutboundLink(this, 'E-mail', 'Description mail');return false;\">keramoteka.salon@gmail.com<\/a> ali pa nas pokli\u010dite na: 031 255 900.<\/p>\n<p>Technical description: <br \/> F 40&#215;40 <br \/>Royal Marfim ; Royal P\u00eassego ; Royal Oliva ; Royal Cinza ; Royal Cinza Fumo ;<\/p>\n","protected":false},"excerpt":{"rendered":"<p>Cinca Royal Grey prihaja iz Portugalske, ki je znana po zelo kvalitetni keramiki v svetovnem merilu. Plo\u0161\u010dica je debela kar 9 mm, kar jo uvr\u0161\u010da med bolj trde plo\u0161\u010dice. Ta model plo\u0161\u010dice se najbolje prodaja v sivi barvi. \u0160irina in dol\u017eina te plo\u0161\u010dice sta 40&#215;40 cm. 28,69 EUR v klasi\u010dni trgovini, pri nas pa le [&hellip;]<\/p>\n","protected":false},"featured_media":102987,"template":"","meta":[],"product_cat":[999968,200,999,290,240],"product_tag":[],"_links":{"self":[{"href":"https:\/\/www.keramika.com\/slovenija\/wp-json\/wp\/v2\/product\/102986"}],"collection":[{"href":"https:\/\/www.keramika.com\/slovenija\/wp-json\/wp\/v2\/product"}],"about":[{"href":"https:\/\/www.keramika.com\/slovenija\/wp-json\/wp\/v2\/types\/product"}],"wp:featuredmedia":[{"embeddable":true,"href":"https:\/\/www.keramika.com\/slovenija\/wp-json\/wp\/v2\/media\/102987"}],"wp:attachment":[{"href":"https:\/\/www.keramika.com\/slovenija\/wp-json\/wp\/v2\/media?parent=102986"}],"wp:term":[{"taxonomy":"product_cat","embeddable":true,"href":"https:\/\/www.keramika.com\/slovenija\/wp-json\/wp\/v2\/product_cat?post=102986"},{"taxonomy":"product_tag","embeddable":true,"href":"https:\/\/www.keramika.com\/slovenija\/wp-json\/wp\/v2\/product_tag?post=102986"}],"curies":[{"name":"wp","href":"https:\/\/api.w.org\/{rel}","templated":true}]}}