{"id":102984,"date":"2017-03-22T23:24:16","date_gmt":"2017-03-22T23:24:16","guid":{"rendered":"http:\/\/keramika.holest.com\/slovenija\/product\/talne-porcelan-ploscice-cinca-pulsar-beige\/"},"modified":"2026-01-02T00:02:52","modified_gmt":"2026-01-02T00:02:52","slug":"talne-porcelan-ploscice-cinca-pulsar-beige","status":"publish","type":"product","link":"https:\/\/www.keramika.com\/slovenija\/talne-porcelan-ploscice-cinca-pulsar-beige\/","title":{"rendered":"Talne porcelan plo\u0161\u010dice Cinca Pulsar Beige"},"content":{"rendered":"<p>Ta plo\u0161\u010dica je na voljo v \u010dudoviti be\u017e barvi, \u010de \u017eelite kak\u0161no drugo barvo pa nas kontaktirajte in preverili bomo pri proizvajalcu. 8 mm je debelina, ki zadovolji tudi zahtevnej\u0161e kupce. Z velikostjo 33&#215;33 cm je ta plo\u0161\u010dica primerna ze razli\u010dne povr\u0161ine. V redni prodaji bi morali za to plo\u0161\u010dico od\u0161teti 27,56 EUR, spletna cena pa zna\u0161a le 22,05 EUR. Cinca Pulsar Beige je pripeljana iz Portugalske in je zelo kvalitetna.<\/p>\n<p>Kliknite na ime kolekcije za ogled vseh plo\u0161\u010dic iz te serije: <a class=\"pdfcatal\" href=\"\/\/www.ceramictiles.com\/pdf\/cinca\/catalogue_cinca_pulsar.pdf\" onclick=\"recordOutboundLink(this, 'E-mail', 'Description PDF');return false;\">Cinca Pulsar<\/a><\/p>\n<p>\u010ce \u017eelite naro\u010diti model iz pdf kataloga te kolekcije, nam pi\u0161ite na: <a href=\"mailto:keramoteka.salon@gmail.com\" onclick=\"recordOutboundLink(this, 'E-mail', 'Description mail');return false;\">keramoteka.salon@gmail.com<\/a> ali pa nas pokli\u010dite na: 031 255 900.<\/p>\n<p>Technical description: <br \/> F 40&#215;40 ; 33&#215;33 <br \/>Pulsar Bege ; Pulsar Bronze ; Pulsar Cinza ; Pulsar Antracite ;<\/p>\n","protected":false},"excerpt":{"rendered":"<p>Ta plo\u0161\u010dica je na voljo v \u010dudoviti be\u017e barvi, \u010de \u017eelite kak\u0161no drugo barvo pa nas kontaktirajte in preverili bomo pri proizvajalcu. 8 mm je debelina, ki zadovolji tudi zahtevnej\u0161e kupce. Z velikostjo 33&#215;33 cm je ta plo\u0161\u010dica primerna ze razli\u010dne povr\u0161ine. V redni prodaji bi morali za to plo\u0161\u010dico od\u0161teti 27,56 EUR, spletna cena [&hellip;]<\/p>\n","protected":false},"featured_media":102985,"template":"","meta":[],"product_cat":[999968,200,220,999,240],"product_tag":[],"_links":{"self":[{"href":"https:\/\/www.keramika.com\/slovenija\/wp-json\/wp\/v2\/product\/102984"}],"collection":[{"href":"https:\/\/www.keramika.com\/slovenija\/wp-json\/wp\/v2\/product"}],"about":[{"href":"https:\/\/www.keramika.com\/slovenija\/wp-json\/wp\/v2\/types\/product"}],"wp:featuredmedia":[{"embeddable":true,"href":"https:\/\/www.keramika.com\/slovenija\/wp-json\/wp\/v2\/media\/102985"}],"wp:attachment":[{"href":"https:\/\/www.keramika.com\/slovenija\/wp-json\/wp\/v2\/media?parent=102984"}],"wp:term":[{"taxonomy":"product_cat","embeddable":true,"href":"https:\/\/www.keramika.com\/slovenija\/wp-json\/wp\/v2\/product_cat?post=102984"},{"taxonomy":"product_tag","embeddable":true,"href":"https:\/\/www.keramika.com\/slovenija\/wp-json\/wp\/v2\/product_tag?post=102984"}],"curies":[{"name":"wp","href":"https:\/\/api.w.org\/{rel}","templated":true}]}}