{"id":102980,"date":"2017-03-22T23:24:11","date_gmt":"2017-03-22T23:24:11","guid":{"rendered":"http:\/\/keramika.holest.com\/slovenija\/product\/kuhinjske-ploscice-cinca-pombalino-traditional\/"},"modified":"2026-01-02T00:02:52","modified_gmt":"2026-01-02T00:02:52","slug":"kuhinjske-ploscice-cinca-pombalino-traditional","status":"publish","type":"product","link":"https:\/\/www.keramika.com\/slovenija\/kuhinjske-ploscice-cinca-pombalino-traditional\/","title":{"rendered":"Kuhinjske plo\u0161\u010dice Cinca Pombalino Traditional"},"content":{"rendered":"<p>7 mm debeline je dovolj tudi za zahtevnej\u0161e kupce. Pri izbiri plo\u0161\u010dice v modri barvi ne morete zgre\u0161iti. \u0160irina in dol\u017eina te plo\u0161\u010dice sta 15&#215;15 cm. V redni prodaji bi morali za to plo\u0161\u010dico od\u0161teti 28,25 EUR, spletna cena pa zna\u0161a le 22,6 EUR. Prihaja iz Portugalske, ki po svetu slovi kot ena bolj\u0161ih proizvajalk kerami\u010dnih plo\u0161\u010dic.<\/p>\n<p>Kliknite na ime kolekcije za ogled vseh plo\u0161\u010dic iz te serije: <a class=\"pdfcatal\" href=\"\/\/www.ceramictiles.com\/pdf\/cinca\/catalogue_cinca_pombalino_traditional.pdf\" onclick=\"recordOutboundLink(this, 'E-mail', 'Description PDF');return false;\">Cinca Pombalino Traditional<\/a><\/p>\n<p>\u010ce \u017eelite naro\u010diti model iz pdf kataloga te kolekcije, nam pi\u0161ite na: <a href=\"mailto:keramoteka.salon@gmail.com\" onclick=\"recordOutboundLink(this, 'E-mail', 'Description mail');return false;\">keramoteka.salon@gmail.com<\/a> ali pa nas pokli\u010dite na: 031 255 900.<\/p>\n<p>Technical description: <br \/> W 15&#215;15 <br \/>Pombalino Branco ; Pombalino Azul Cobalto ; Pombalino Verde Garrafa ; Pombalino Bordeaux ; Pombalino Ocre ;<\/p>\n","protected":false},"excerpt":{"rendered":"<p>7 mm debeline je dovolj tudi za zahtevnej\u0161e kupce. Pri izbiri plo\u0161\u010dice v modri barvi ne morete zgre\u0161iti. \u0160irina in dol\u017eina te plo\u0161\u010dice sta 15&#215;15 cm. V redni prodaji bi morali za to plo\u0161\u010dico od\u0161teti 28,25 EUR, spletna cena pa zna\u0161a le 22,6 EUR. Prihaja iz Portugalske, ki po svetu slovi kot ena bolj\u0161ih proizvajalk [&hellip;]<\/p>\n","protected":false},"featured_media":102981,"template":"","meta":[],"product_cat":[999968,200,230,999,250],"product_tag":[],"_links":{"self":[{"href":"https:\/\/www.keramika.com\/slovenija\/wp-json\/wp\/v2\/product\/102980"}],"collection":[{"href":"https:\/\/www.keramika.com\/slovenija\/wp-json\/wp\/v2\/product"}],"about":[{"href":"https:\/\/www.keramika.com\/slovenija\/wp-json\/wp\/v2\/types\/product"}],"wp:featuredmedia":[{"embeddable":true,"href":"https:\/\/www.keramika.com\/slovenija\/wp-json\/wp\/v2\/media\/102981"}],"wp:attachment":[{"href":"https:\/\/www.keramika.com\/slovenija\/wp-json\/wp\/v2\/media?parent=102980"}],"wp:term":[{"taxonomy":"product_cat","embeddable":true,"href":"https:\/\/www.keramika.com\/slovenija\/wp-json\/wp\/v2\/product_cat?post=102980"},{"taxonomy":"product_tag","embeddable":true,"href":"https:\/\/www.keramika.com\/slovenija\/wp-json\/wp\/v2\/product_tag?post=102980"}],"curies":[{"name":"wp","href":"https:\/\/api.w.org\/{rel}","templated":true}]}}