{"id":102978,"date":"2017-03-22T23:24:08","date_gmt":"2017-03-22T23:24:08","guid":{"rendered":"http:\/\/keramika.holest.com\/slovenija\/product\/porcelan-ploscice-cinca-pedra-luna-cream\/"},"modified":"2026-01-02T00:02:51","modified_gmt":"2026-01-02T00:02:51","slug":"porcelan-ploscice-cinca-pedra-luna-cream","status":"publish","type":"product","link":"https:\/\/www.keramika.com\/slovenija\/porcelan-ploscice-cinca-pedra-luna-cream\/","title":{"rendered":"Porcelan plo\u0161\u010dice Cinca Pedra Luna Cream"},"content":{"rendered":"<p>Letos so plo\u0161\u010dice v be\u017e barvi zelo za\u017eeljene. Na spletu boste za to plo\u0161\u010dico od\u0161teli le 31,95 EUR, medtem ko v redni prodaji cena zna\u0161a 39,94 EUR. Prihaja iz Portugalske, ki po svetu slovi kot ena bolj\u0161ih proizvajalk kerami\u010dnih plo\u0161\u010dic. Debelina kar 10 mm dela to plo\u0161\u010dico zelo trpe\u017eno in presti\u017eno na otip. Z velikostjo 50&#215;50 cm je ta plo\u0161\u010dica primerna ze razli\u010dne povr\u0161ine.<\/p>\n<p>Kliknite na ime kolekcije za ogled vseh plo\u0161\u010dic iz te serije: <a class=\"pdfcatal\" href=\"\/\/www.ceramictiles.com\/pdf\/cinca\/catalogue_cinca_pedra_luna.pdf\" onclick=\"recordOutboundLink(this, 'E-mail', 'Description PDF');return false;\">Cinca Pedra Luna<\/a><\/p>\n<p>\u010ce \u017eelite naro\u010diti model iz pdf kataloga te kolekcije, nam pi\u0161ite na: <a href=\"mailto:keramoteka.salon@gmail.com\" onclick=\"recordOutboundLink(this, 'E-mail', 'Description mail');return false;\">keramoteka.salon@gmail.com<\/a> ali pa nas pokli\u010dite na: 031 255 900.<\/p>\n<p>Technical description: <br \/> W &#038; F 49&#215;99 ; 49&#215;49 ; 50&#215;50 <br \/>Pedra Luna Creme ; Pedra Luna Bronze ; Pedra Luna Cinza ; Pedra Luna Cinza Escuro ;<\/p>\n","protected":false},"excerpt":{"rendered":"<p>Letos so plo\u0161\u010dice v be\u017e barvi zelo za\u017eeljene. Na spletu boste za to plo\u0161\u010dico od\u0161teli le 31,95 EUR, medtem ko v redni prodaji cena zna\u0161a 39,94 EUR. Prihaja iz Portugalske, ki po svetu slovi kot ena bolj\u0161ih proizvajalk kerami\u010dnih plo\u0161\u010dic. Debelina kar 10 mm dela to plo\u0161\u010dico zelo trpe\u017eno in presti\u017eno na otip. Z velikostjo [&hellip;]<\/p>\n","protected":false},"featured_media":102979,"template":"","meta":[],"product_cat":[999968,200,260,999,290],"product_tag":[],"_links":{"self":[{"href":"https:\/\/www.keramika.com\/slovenija\/wp-json\/wp\/v2\/product\/102978"}],"collection":[{"href":"https:\/\/www.keramika.com\/slovenija\/wp-json\/wp\/v2\/product"}],"about":[{"href":"https:\/\/www.keramika.com\/slovenija\/wp-json\/wp\/v2\/types\/product"}],"wp:featuredmedia":[{"embeddable":true,"href":"https:\/\/www.keramika.com\/slovenija\/wp-json\/wp\/v2\/media\/102979"}],"wp:attachment":[{"href":"https:\/\/www.keramika.com\/slovenija\/wp-json\/wp\/v2\/media?parent=102978"}],"wp:term":[{"taxonomy":"product_cat","embeddable":true,"href":"https:\/\/www.keramika.com\/slovenija\/wp-json\/wp\/v2\/product_cat?post=102978"},{"taxonomy":"product_tag","embeddable":true,"href":"https:\/\/www.keramika.com\/slovenija\/wp-json\/wp\/v2\/product_tag?post=102978"}],"curies":[{"name":"wp","href":"https:\/\/api.w.org\/{rel}","templated":true}]}}