{"id":102976,"date":"2017-03-22T23:24:05","date_gmt":"2017-03-22T23:24:05","guid":{"rendered":"http:\/\/keramika.holest.com\/slovenija\/product\/ploscice-za-kopalnico-cinca-pasadena-allure-lilac\/"},"modified":"2026-01-02T00:02:51","modified_gmt":"2026-01-02T00:02:51","slug":"ploscice-za-kopalnico-cinca-pasadena-allure-lilac","status":"publish","type":"product","link":"https:\/\/www.keramika.com\/slovenija\/ploscice-za-kopalnico-cinca-pasadena-allure-lilac\/","title":{"rendered":"Plo\u0161\u010dice za kopalnico Cinca Pasadena Allure Lilac"},"content":{"rendered":"<p>Ta plo\u0161\u010dica je debela 10 mm in je zelo trpe\u017ena. To plo\u0161\u010dico je izdelal proizvajalec Cinca, ki prihaja iz Portugalske. \u0160irina in dol\u017eina te plo\u0161\u010dice sta 50&#215;50 cm. Zaradi ni\u017ejih stro\u0161kov pri spletni prodaji boste na na\u0161i strani za to plo\u0161\u010dico od\u0161teli le 31,95 EUR. Ta kerami\u010dna plo\u0161\u010dica v \u010dudoviti roza barvi bo obogatila vsak prostor.<\/p>\n<p>Kliknite na ime kolekcije za ogled vseh plo\u0161\u010dic iz te serije: <a class=\"pdfcatal\" href=\"\/\/www.ceramictiles.com\/pdf\/cinca\/catalogue_cinca_pasadena.pdf\" onclick=\"recordOutboundLink(this, 'E-mail', 'Description PDF');return false;\">Cinca Pasadena<\/a><\/p>\n<p>\u010ce \u017eelite naro\u010diti model iz pdf kataloga te kolekcije, nam pi\u0161ite na: <a href=\"mailto:keramoteka.salon@gmail.com\" onclick=\"recordOutboundLink(this, 'E-mail', 'Description mail');return false;\">keramoteka.salon@gmail.com<\/a> ali pa nas pokli\u010dite na: 031 255 900.<\/p>\n<p>Technical description: <br \/> W 25&#215;55 <br \/>Pasadena P\u00e9rola ; Pasadena Bege ; Pasadena Cinza Claro ; Pasadena Cinza ; Pasadena Lil\u00e1s ; Pasadena Coral ;<\/p>\n","protected":false},"excerpt":{"rendered":"<p>Ta plo\u0161\u010dica je debela 10 mm in je zelo trpe\u017ena. To plo\u0161\u010dico je izdelal proizvajalec Cinca, ki prihaja iz Portugalske. \u0160irina in dol\u017eina te plo\u0161\u010dice sta 50&#215;50 cm. Zaradi ni\u017ejih stro\u0161kov pri spletni prodaji boste na na\u0161i strani za to plo\u0161\u010dico od\u0161teli le 31,95 EUR. Ta kerami\u010dna plo\u0161\u010dica v \u010dudoviti roza barvi bo obogatila vsak [&hellip;]<\/p>\n","protected":false},"featured_media":102977,"template":"","meta":[],"product_cat":[999968,200,220,999,240],"product_tag":[],"_links":{"self":[{"href":"https:\/\/www.keramika.com\/slovenija\/wp-json\/wp\/v2\/product\/102976"}],"collection":[{"href":"https:\/\/www.keramika.com\/slovenija\/wp-json\/wp\/v2\/product"}],"about":[{"href":"https:\/\/www.keramika.com\/slovenija\/wp-json\/wp\/v2\/types\/product"}],"wp:featuredmedia":[{"embeddable":true,"href":"https:\/\/www.keramika.com\/slovenija\/wp-json\/wp\/v2\/media\/102977"}],"wp:attachment":[{"href":"https:\/\/www.keramika.com\/slovenija\/wp-json\/wp\/v2\/media?parent=102976"}],"wp:term":[{"taxonomy":"product_cat","embeddable":true,"href":"https:\/\/www.keramika.com\/slovenija\/wp-json\/wp\/v2\/product_cat?post=102976"},{"taxonomy":"product_tag","embeddable":true,"href":"https:\/\/www.keramika.com\/slovenija\/wp-json\/wp\/v2\/product_tag?post=102976"}],"curies":[{"name":"wp","href":"https:\/\/api.w.org\/{rel}","templated":true}]}}