{"id":102972,"date":"2017-03-22T23:23:59","date_gmt":"2017-03-22T23:23:59","guid":{"rendered":"http:\/\/keramika.holest.com\/slovenija\/product\/keramicne-ploscice-za-terase-cinca-origin-basalto\/"},"modified":"2026-01-02T00:02:51","modified_gmt":"2026-01-02T00:02:51","slug":"keramicne-ploscice-za-terase-cinca-origin-basalto","status":"publish","type":"product","link":"https:\/\/www.keramika.com\/slovenija\/keramicne-ploscice-za-terase-cinca-origin-basalto\/","title":{"rendered":"Kerami\u010dne plo\u0161\u010dice za terase Cinca Origin Basalto"},"content":{"rendered":"<p>Ta model plo\u0161\u010dice se najbolje prodaja v \u010drni barvi. Velikost te plo\u0161\u010dice je 50&#215;50 cm in je primerna za razli\u010dne povr\u0161ine. V redni prodaji bi morali za to plo\u0161\u010dico od\u0161teti 39,94 EUR, spletna cena pa zna\u0161a le 31,95 EUR. Ta plo\u0161\u010dica je debela 10 mm in je zelo trpe\u017ena. To plo\u0161\u010dico je izdelal proizvajalec Cinca, ki prihaja iz Portugalske.<\/p>\n<p>Kliknite na ime kolekcije za ogled vseh plo\u0161\u010dic iz te serije: <a class=\"pdfcatal\" href=\"\/\/www.ceramictiles.com\/pdf\/cinca\/catalogue_cinca_origin.pdf\" onclick=\"recordOutboundLink(this, 'E-mail', 'Description PDF');return false;\">Cinca Origin<\/a><\/p>\n<p>\u010ce \u017eelite naro\u010diti model iz pdf kataloga te kolekcije, nam pi\u0161ite na: <a href=\"mailto:keramoteka.salon@gmail.com\" onclick=\"recordOutboundLink(this, 'E-mail', 'Description mail');return false;\">keramoteka.salon@gmail.com<\/a> ali pa nas pokli\u010dite na: 031 255 900.<\/p>\n<p>Technical description: <br \/> F 49&#215;99 ; 49&#215;49 ; 50&#215;50 <br \/>Origin Basalto ;<\/p>\n","protected":false},"excerpt":{"rendered":"<p>Ta model plo\u0161\u010dice se najbolje prodaja v \u010drni barvi. Velikost te plo\u0161\u010dice je 50&#215;50 cm in je primerna za razli\u010dne povr\u0161ine. V redni prodaji bi morali za to plo\u0161\u010dico od\u0161teti 39,94 EUR, spletna cena pa zna\u0161a le 31,95 EUR. Ta plo\u0161\u010dica je debela 10 mm in je zelo trpe\u017ena. To plo\u0161\u010dico je izdelal proizvajalec Cinca, [&hellip;]<\/p>\n","protected":false},"featured_media":102973,"template":"","meta":[],"product_cat":[999968,200,260,999,290],"product_tag":[],"_links":{"self":[{"href":"https:\/\/www.keramika.com\/slovenija\/wp-json\/wp\/v2\/product\/102972"}],"collection":[{"href":"https:\/\/www.keramika.com\/slovenija\/wp-json\/wp\/v2\/product"}],"about":[{"href":"https:\/\/www.keramika.com\/slovenija\/wp-json\/wp\/v2\/types\/product"}],"wp:featuredmedia":[{"embeddable":true,"href":"https:\/\/www.keramika.com\/slovenija\/wp-json\/wp\/v2\/media\/102973"}],"wp:attachment":[{"href":"https:\/\/www.keramika.com\/slovenija\/wp-json\/wp\/v2\/media?parent=102972"}],"wp:term":[{"taxonomy":"product_cat","embeddable":true,"href":"https:\/\/www.keramika.com\/slovenija\/wp-json\/wp\/v2\/product_cat?post=102972"},{"taxonomy":"product_tag","embeddable":true,"href":"https:\/\/www.keramika.com\/slovenija\/wp-json\/wp\/v2\/product_tag?post=102972"}],"curies":[{"name":"wp","href":"https:\/\/api.w.org\/{rel}","templated":true}]}}