{"id":102966,"date":"2017-03-22T23:23:51","date_gmt":"2017-03-22T23:23:51","guid":{"rendered":"http:\/\/keramika.holest.com\/slovenija\/product\/projektne-ploscice-cinca-nova-arquitectura-tangerine\/"},"modified":"2026-01-02T00:02:50","modified_gmt":"2026-01-02T00:02:50","slug":"projektne-ploscice-cinca-nova-arquitectura-tangerine","status":"publish","type":"product","link":"https:\/\/www.keramika.com\/slovenija\/projektne-ploscice-cinca-nova-arquitectura-tangerine\/","title":{"rendered":"Projektne plo\u0161\u0107ice Cinca Nova Arquitectura Tangerine"},"content":{"rendered":"<p>Plo\u0161\u010dica na sliki je velika 20&#215;20 cm. To plo\u0161\u010dico je izdelal proizvajalec Cinca, ki prihaja iz Portugalske. 6 mm debeline je dovolj tudi za zahtevnej\u0161e kupce. Na spletu boste za to plo\u0161\u010dico od\u0161teli le 42,45 EUR, medtem ko v redni prodaji cena zna\u0161a 53,06 EUR. Ta model plo\u0161\u010dice se najbolje prodaja v oran\u017eni barvi.<\/p>\n<p>Kliknite na ime kolekcije za ogled vseh plo\u0161\u010dic iz te serije: <a class=\"pdfcatal\" href=\"\/\/www.ceramictiles.com\/pdf\/cinca\/catalogue_cinca_nova arquitectura.pdf\" onclick=\"recordOutboundLink(this, 'E-mail', 'Description PDF');return false;\">Cinca Nova Arquitectura<\/a><\/p>\n<p>\u010ce \u017eelite naro\u010diti model iz pdf kataloga te kolekcije, nam pi\u0161ite na: <a href=\"mailto:keramoteka.salon@gmail.com\" onclick=\"recordOutboundLink(this, 'E-mail', 'Description mail');return false;\">keramoteka.salon@gmail.com<\/a> ali pa nas pokli\u010dite na: 031 255 900.<\/p>\n<p>Technical description: <br \/> W &#038; F 30&#215;30 ; 20&#215;20 ; 10&#215;20 ; 15&#215;15 ; 10&#215;10 <br \/>Nova Arquitectura Cinza Prata ; Nova Arquitectura Jasmim ; Nova Arquitectura Cinza Chumbo ; Nova Arquitectura Bege Bahamas ; Nova Arquitectura \u00c2mbar ; Nova Arquitectura Bege Calahari ; Nova Arquitectura Azul Gelo ; Nova Arquitectura Branco ; Nova Arquitectura Verde Aqua ; Nova Arquitectura Cobalto ; Nova Arquitectura Preto ; Nova Arquitectura Burgundy ; Nova Arquitectura Tangerina ; Nova Arquitectura Mostarda ; Nova Arquitectura Rosa Champagne ; Nova Arquitectura Orqu\u00eddea ; Nova Arquitectura Salm\u00e3o ; Nova Arquitectura Conhaque ; Nova Arquitectura Azul Petr\u00f3leo ; Nova Arquitectura Verde Vitoriano ; Nova Arquitectura Carmim ; Nova Arquitectura Azul Caribe ; Nova Arquitectura Verde Menta ; Nova Arquitectura Azul Laguna ;<\/p>\n","protected":false},"excerpt":{"rendered":"<p>Plo\u0161\u010dica na sliki je velika 20&#215;20 cm. To plo\u0161\u010dico je izdelal proizvajalec Cinca, ki prihaja iz Portugalske. 6 mm debeline je dovolj tudi za zahtevnej\u0161e kupce. Na spletu boste za to plo\u0161\u010dico od\u0161teli le 42,45 EUR, medtem ko v redni prodaji cena zna\u0161a 53,06 EUR. Ta model plo\u0161\u010dice se najbolje prodaja v oran\u017eni barvi. Kliknite [&hellip;]<\/p>\n","protected":false},"featured_media":102967,"template":"","meta":[],"product_cat":[999968,200,260,999,290,250],"product_tag":[],"_links":{"self":[{"href":"https:\/\/www.keramika.com\/slovenija\/wp-json\/wp\/v2\/product\/102966"}],"collection":[{"href":"https:\/\/www.keramika.com\/slovenija\/wp-json\/wp\/v2\/product"}],"about":[{"href":"https:\/\/www.keramika.com\/slovenija\/wp-json\/wp\/v2\/types\/product"}],"wp:featuredmedia":[{"embeddable":true,"href":"https:\/\/www.keramika.com\/slovenija\/wp-json\/wp\/v2\/media\/102967"}],"wp:attachment":[{"href":"https:\/\/www.keramika.com\/slovenija\/wp-json\/wp\/v2\/media?parent=102966"}],"wp:term":[{"taxonomy":"product_cat","embeddable":true,"href":"https:\/\/www.keramika.com\/slovenija\/wp-json\/wp\/v2\/product_cat?post=102966"},{"taxonomy":"product_tag","embeddable":true,"href":"https:\/\/www.keramika.com\/slovenija\/wp-json\/wp\/v2\/product_tag?post=102966"}],"curies":[{"name":"wp","href":"https:\/\/api.w.org\/{rel}","templated":true}]}}