{"id":102962,"date":"2017-03-22T23:23:46","date_gmt":"2017-03-22T23:23:46","guid":{"rendered":"http:\/\/keramika.holest.com\/slovenija\/product\/cinca-porculanski-mozaik-turquoise\/"},"modified":"2026-01-02T00:02:49","modified_gmt":"2026-01-02T00:02:49","slug":"cinca-porculanski-mozaik-turquoise","status":"publish","type":"product","link":"https:\/\/www.keramika.com\/slovenija\/cinca-porculanski-mozaik-turquoise\/","title":{"rendered":"Cinca porculanski mozaik Turquoise"},"content":{"rendered":"<p>Z velikostjo 24&#215;24 cm je ta plo\u0161\u010dica primerna ze razli\u010dne povr\u0161ine. To plo\u0161\u010dico je izdelal proizvajalec Cinca, ki prihaja iz Portugalske. Zelo moderna plo\u0161\u010dica v modri barvi popestri prav vsak prostor. Plo\u0161\u010dica je debela kar 4 mm, kar jo uvr\u0161\u010da med bolj trde plo\u0161\u010dice. Na spletu boste za to plo\u0161\u010dico od\u0161teli le 40,3 EUR, medtem ko v redni prodaji cena zna\u0161a 50,38 EUR.<\/p>\n<p>Kliknite na ime kolekcije za ogled vseh plo\u0161\u010dic iz te serije: <a class=\"pdfcatal\" href=\"\/\/www.ceramictiles.com\/pdf\/cinca\/catalogue_cinca_mosaico_porcelanico.pdf\" onclick=\"recordOutboundLink(this, 'E-mail', 'Description PDF');return false;\">Cinca Mosaico Porcelanico<\/a><\/p>\n<p>\u010ce \u017eelite naro\u010diti model iz pdf kataloga te kolekcije, nam pi\u0161ite na: <a href=\"mailto:keramoteka.salon@gmail.com\" onclick=\"recordOutboundLink(this, 'E-mail', 'Description mail');return false;\">keramoteka.salon@gmail.com<\/a> ali pa nas pokli\u010dite na: 031 255 900.<\/p>\n<p>Technical description: <br \/> W &#038; F 2,5&#215;2,5 <br \/>Mosaico Porcel\u00e2nico Branco Porcelana ; Mosaico Porcel\u00e2nico P\u00e9rola ; Mosaico Porcel\u00e2nico Bege ; Mosaico Porcel\u00e2nico Amarelo Palha ; Mosaico Porcel\u00e2nico Amarelo ; Mosaico Porcel\u00e2nico Ouro ; Mosaico Porcel\u00e2nico Bronze ; Mosaico Porcel\u00e2nico Vermelho ; Mosaico Porcel\u00e2nico Castanho ; Mosaico Porcel\u00e2nico Verde Cinza ; Mosaico Porcel\u00e2nico Verde ; Mosaico Porcel\u00e2nico Cinzento ; Mosaico Porcel\u00e2nico Azul Cinza ; Mosaico Porcel\u00e2nico Azul ; Mosaico Porcel\u00e2nico Turquesa ; Mosaico Porcel\u00e2nico Rosa Velho ; Mosaico Porcel\u00e2nico Rosa ; Mosaico Porcel\u00e2nico Preto ;<\/p>\n","protected":false},"excerpt":{"rendered":"<p>Z velikostjo 24&#215;24 cm je ta plo\u0161\u010dica primerna ze razli\u010dne povr\u0161ine. To plo\u0161\u010dico je izdelal proizvajalec Cinca, ki prihaja iz Portugalske. Zelo moderna plo\u0161\u010dica v modri barvi popestri prav vsak prostor. Plo\u0161\u010dica je debela kar 4 mm, kar jo uvr\u0161\u010da med bolj trde plo\u0161\u010dice. Na spletu boste za to plo\u0161\u010dico od\u0161teli le 40,3 EUR, medtem [&hellip;]<\/p>\n","protected":false},"featured_media":102963,"template":"","meta":[],"product_cat":[999968,200,220,400,999,290],"product_tag":[],"_links":{"self":[{"href":"https:\/\/www.keramika.com\/slovenija\/wp-json\/wp\/v2\/product\/102962"}],"collection":[{"href":"https:\/\/www.keramika.com\/slovenija\/wp-json\/wp\/v2\/product"}],"about":[{"href":"https:\/\/www.keramika.com\/slovenija\/wp-json\/wp\/v2\/types\/product"}],"wp:featuredmedia":[{"embeddable":true,"href":"https:\/\/www.keramika.com\/slovenija\/wp-json\/wp\/v2\/media\/102963"}],"wp:attachment":[{"href":"https:\/\/www.keramika.com\/slovenija\/wp-json\/wp\/v2\/media?parent=102962"}],"wp:term":[{"taxonomy":"product_cat","embeddable":true,"href":"https:\/\/www.keramika.com\/slovenija\/wp-json\/wp\/v2\/product_cat?post=102962"},{"taxonomy":"product_tag","embeddable":true,"href":"https:\/\/www.keramika.com\/slovenija\/wp-json\/wp\/v2\/product_tag?post=102962"}],"curies":[{"name":"wp","href":"https:\/\/api.w.org\/{rel}","templated":true}]}}