{"id":102950,"date":"2017-03-22T23:23:30","date_gmt":"2017-03-22T23:23:30","guid":{"rendered":"http:\/\/keramika.holest.com\/slovenija\/product\/porcelan-ploscice-cinca-matrix-copper\/"},"modified":"2026-01-02T00:02:48","modified_gmt":"2026-01-02T00:02:48","slug":"porcelan-ploscice-cinca-matrix-copper","status":"publish","type":"product","link":"https:\/\/www.keramika.com\/slovenija\/porcelan-ploscice-cinca-matrix-copper\/","title":{"rendered":"Porcelan plo\u0161\u010dice Cinca Matrix Copper"},"content":{"rendered":"<p>Zaradi ni\u017ejih stro\u0161kov pri spletni prodaji boste na na\u0161i strani za to plo\u0161\u010dico od\u0161teli le 69,9 EUR. 10 mm je debelina, ki zadovolji tudi zahtevnej\u0161e kupce. Ta kerami\u010dna plo\u0161\u010dica v \u010dudoviti rjavi barvi bo obogatila vsak prostor. Z velikostjo 50&#215;50 cm je ta plo\u0161\u010dica primerna ze razli\u010dne povr\u0161ine. Prihaja iz Portugalske, ki po svetu slovi kot ena bolj\u0161ih proizvajalk kerami\u010dnih plo\u0161\u010dic.<\/p>\n<p>Kliknite na ime kolekcije za ogled vseh plo\u0161\u010dic iz te serije: <a class=\"pdfcatal\" href=\"\/\/www.ceramictiles.com\/pdf\/cinca\/catalogue_cinca_matrix.pdf\" onclick=\"recordOutboundLink(this, 'E-mail', 'Description PDF');return false;\">Cinca Matrix<\/a><\/p>\n<p>\u010ce \u017eelite naro\u010diti model iz pdf kataloga te kolekcije, nam pi\u0161ite na: <a href=\"mailto:keramoteka.salon@gmail.com\" onclick=\"recordOutboundLink(this, 'E-mail', 'Description mail');return false;\">keramoteka.salon@gmail.com<\/a> ali pa nas pokli\u010dite na: 031 255 900.<\/p>\n<p>Technical description: <br \/> W &#038; F 49&#215;49 ; 24,5&#215;49 ; 12&#215;49 ; 50&#215;50 <br \/>Matrix Cobre ; Matrix Ferrugem ;<\/p>\n","protected":false},"excerpt":{"rendered":"<p>Zaradi ni\u017ejih stro\u0161kov pri spletni prodaji boste na na\u0161i strani za to plo\u0161\u010dico od\u0161teli le 69,9 EUR. 10 mm je debelina, ki zadovolji tudi zahtevnej\u0161e kupce. Ta kerami\u010dna plo\u0161\u010dica v \u010dudoviti rjavi barvi bo obogatila vsak prostor. Z velikostjo 50&#215;50 cm je ta plo\u0161\u010dica primerna ze razli\u010dne povr\u0161ine. Prihaja iz Portugalske, ki po svetu slovi [&hellip;]<\/p>\n","protected":false},"featured_media":102951,"template":"","meta":[],"product_cat":[999968,200,999,290,240],"product_tag":[],"_links":{"self":[{"href":"https:\/\/www.keramika.com\/slovenija\/wp-json\/wp\/v2\/product\/102950"}],"collection":[{"href":"https:\/\/www.keramika.com\/slovenija\/wp-json\/wp\/v2\/product"}],"about":[{"href":"https:\/\/www.keramika.com\/slovenija\/wp-json\/wp\/v2\/types\/product"}],"wp:featuredmedia":[{"embeddable":true,"href":"https:\/\/www.keramika.com\/slovenija\/wp-json\/wp\/v2\/media\/102951"}],"wp:attachment":[{"href":"https:\/\/www.keramika.com\/slovenija\/wp-json\/wp\/v2\/media?parent=102950"}],"wp:term":[{"taxonomy":"product_cat","embeddable":true,"href":"https:\/\/www.keramika.com\/slovenija\/wp-json\/wp\/v2\/product_cat?post=102950"},{"taxonomy":"product_tag","embeddable":true,"href":"https:\/\/www.keramika.com\/slovenija\/wp-json\/wp\/v2\/product_tag?post=102950"}],"curies":[{"name":"wp","href":"https:\/\/api.w.org\/{rel}","templated":true}]}}