{"id":102946,"date":"2017-03-22T23:23:25","date_gmt":"2017-03-22T23:23:25","guid":{"rendered":"http:\/\/keramika.holest.com\/slovenija\/product\/talne-in-stenske-ploscice-cinca-mandalay-raspberry\/"},"modified":"2026-01-02T00:02:47","modified_gmt":"2026-01-02T00:02:47","slug":"talne-in-stenske-ploscice-cinca-mandalay-raspberry","status":"publish","type":"product","link":"https:\/\/www.keramika.com\/slovenija\/talne-in-stenske-ploscice-cinca-mandalay-raspberry\/","title":{"rendered":"Talne in stenske plo\u0161\u010dice Cinca Mandalay Raspberry"},"content":{"rendered":"<p>Keramika v rde\u010di barvi popestri vsak prostor. Cinca Mandalay Raspberry je pripeljana iz Portugalske in je zelo kvalitetna. \u0160irina in dol\u017eina te plo\u0161\u010dice sta 25&#215;55 cm. Debelina kar 8 mm dela to plo\u0161\u010dico zelo trpe\u017eno in presti\u017eno na otip. V redni prodaji bi morali za to plo\u0161\u010dico od\u0161teti 27,56 EUR, spletna cena pa zna\u0161a le 22,05 EUR.<\/p>\n<p>Kliknite na ime kolekcije za ogled vseh plo\u0161\u010dic iz te serije: <a class=\"pdfcatal\" href=\"\/\/www.ceramictiles.com\/pdf\/cinca\/catalogue_cinca_mandalay.pdf\" onclick=\"recordOutboundLink(this, 'E-mail', 'Description PDF');return false;\">Cinca Mandalay<\/a><\/p>\n<p>\u010ce \u017eelite naro\u010diti model iz pdf kataloga te kolekcije, nam pi\u0161ite na: <a href=\"mailto:keramoteka.salon@gmail.com\" onclick=\"recordOutboundLink(this, 'E-mail', 'Description mail');return false;\">keramoteka.salon@gmail.com<\/a> ali pa nas pokli\u010dite na: 031 255 900.<\/p>\n<p>Technical description: <br \/> W &#038; F 25&#215;55 ; 33&#215;33 <br \/>Mandalay P\u00e9rola ; Mandalay Cinza ; Mandalay Framboesa ; Mandalay Taupe ; Mandalay Preto ;<\/p>\n","protected":false},"excerpt":{"rendered":"<p>Keramika v rde\u010di barvi popestri vsak prostor. Cinca Mandalay Raspberry je pripeljana iz Portugalske in je zelo kvalitetna. \u0160irina in dol\u017eina te plo\u0161\u010dice sta 25&#215;55 cm. Debelina kar 8 mm dela to plo\u0161\u010dico zelo trpe\u017eno in presti\u017eno na otip. V redni prodaji bi morali za to plo\u0161\u010dico od\u0161teti 27,56 EUR, spletna cena pa zna\u0161a le [&hellip;]<\/p>\n","protected":false},"featured_media":102947,"template":"","meta":[],"product_cat":[999968,200,220,999,250],"product_tag":[],"_links":{"self":[{"href":"https:\/\/www.keramika.com\/slovenija\/wp-json\/wp\/v2\/product\/102946"}],"collection":[{"href":"https:\/\/www.keramika.com\/slovenija\/wp-json\/wp\/v2\/product"}],"about":[{"href":"https:\/\/www.keramika.com\/slovenija\/wp-json\/wp\/v2\/types\/product"}],"wp:featuredmedia":[{"embeddable":true,"href":"https:\/\/www.keramika.com\/slovenija\/wp-json\/wp\/v2\/media\/102947"}],"wp:attachment":[{"href":"https:\/\/www.keramika.com\/slovenija\/wp-json\/wp\/v2\/media?parent=102946"}],"wp:term":[{"taxonomy":"product_cat","embeddable":true,"href":"https:\/\/www.keramika.com\/slovenija\/wp-json\/wp\/v2\/product_cat?post=102946"},{"taxonomy":"product_tag","embeddable":true,"href":"https:\/\/www.keramika.com\/slovenija\/wp-json\/wp\/v2\/product_tag?post=102946"}],"curies":[{"name":"wp","href":"https:\/\/api.w.org\/{rel}","templated":true}]}}