{"id":102938,"date":"2017-03-22T23:23:12","date_gmt":"2017-03-22T23:23:12","guid":{"rendered":"http:\/\/keramika.holest.com\/slovenija\/product\/ploscice-za-kopalnico-cinca-imperial-marquinha-black\/"},"modified":"2026-01-02T00:02:46","modified_gmt":"2026-01-02T00:02:46","slug":"ploscice-za-kopalnico-cinca-imperial-marquinha-black","status":"publish","type":"product","link":"https:\/\/www.keramika.com\/slovenija\/ploscice-za-kopalnico-cinca-imperial-marquinha-black\/","title":{"rendered":"Plo\u0161\u010dice za kopalnico Cinca Imperial Marquinha Black"},"content":{"rendered":"<p>Plo\u0161\u010dica na sliki je velika 33&#215;45 cm. 9 mm je debelina, ki zadovolji tudi zahtevnej\u0161e kupce. Cinca Imperial Marquinha Black prihaja iz Portugalske, ki je znana po zelo kvalitetni keramiki v svetovnem merilu. Na spletu boste za to plo\u0161\u010dico od\u0161teli le 20,95 EUR, medtem ko v redni prodaji cena zna\u0161a 26,19 EUR. Pri izbiri plo\u0161\u010dice v \u010drni barvi ne morete zgre\u0161iti.<\/p>\n<p>Kliknite na ime kolekcije za ogled vseh plo\u0161\u010dic iz te serije: <a class=\"pdfcatal\" href=\"\/\/www.ceramictiles.com\/pdf\/cinca\/catalogue_cinca_imperial.pdf\" onclick=\"recordOutboundLink(this, 'E-mail', 'Description PDF');return false;\">Cinca Imperial<\/a><\/p>\n<p>\u010ce \u017eelite naro\u010diti model iz pdf kataloga te kolekcije, nam pi\u0161ite na: <a href=\"mailto:keramoteka.salon@gmail.com\" onclick=\"recordOutboundLink(this, 'E-mail', 'Description mail');return false;\">keramoteka.salon@gmail.com<\/a> ali pa nas pokli\u010dite na: 031 255 900.<\/p>\n<p>Technical description: <br \/> W &#038; F 33&#215;45 ; 25&#215;33 ; 33&#215;33 <br \/>Imperial Rosa Portugal ; Imperial Vermelho Alicante ; Imperial Branco Carrara ; Imperial Preto Marquinha ; Imperial Travertino Noz ; Imperial Travertino Bege ; Imperial Creme Marfim ;<\/p>\n","protected":false},"excerpt":{"rendered":"<p>Plo\u0161\u010dica na sliki je velika 33&#215;45 cm. 9 mm je debelina, ki zadovolji tudi zahtevnej\u0161e kupce. Cinca Imperial Marquinha Black prihaja iz Portugalske, ki je znana po zelo kvalitetni keramiki v svetovnem merilu. Na spletu boste za to plo\u0161\u010dico od\u0161teli le 20,95 EUR, medtem ko v redni prodaji cena zna\u0161a 26,19 EUR. Pri izbiri plo\u0161\u010dice [&hellip;]<\/p>\n","protected":false},"featured_media":102939,"template":"","meta":[],"product_cat":[999968,200,220,999,250],"product_tag":[],"_links":{"self":[{"href":"https:\/\/www.keramika.com\/slovenija\/wp-json\/wp\/v2\/product\/102938"}],"collection":[{"href":"https:\/\/www.keramika.com\/slovenija\/wp-json\/wp\/v2\/product"}],"about":[{"href":"https:\/\/www.keramika.com\/slovenija\/wp-json\/wp\/v2\/types\/product"}],"wp:featuredmedia":[{"embeddable":true,"href":"https:\/\/www.keramika.com\/slovenija\/wp-json\/wp\/v2\/media\/102939"}],"wp:attachment":[{"href":"https:\/\/www.keramika.com\/slovenija\/wp-json\/wp\/v2\/media?parent=102938"}],"wp:term":[{"taxonomy":"product_cat","embeddable":true,"href":"https:\/\/www.keramika.com\/slovenija\/wp-json\/wp\/v2\/product_cat?post=102938"},{"taxonomy":"product_tag","embeddable":true,"href":"https:\/\/www.keramika.com\/slovenija\/wp-json\/wp\/v2\/product_tag?post=102938"}],"curies":[{"name":"wp","href":"https:\/\/api.w.org\/{rel}","templated":true}]}}