{"id":102934,"date":"2017-03-22T23:23:05","date_gmt":"2017-03-22T23:23:05","guid":{"rendered":"http:\/\/keramika.holest.com\/slovenija\/product\/talne-ploscice-cinca-image-dark-grey\/"},"modified":"2026-01-02T00:02:45","modified_gmt":"2026-01-02T00:02:45","slug":"talne-ploscice-cinca-image-dark-grey","status":"publish","type":"product","link":"https:\/\/www.keramika.com\/slovenija\/talne-ploscice-cinca-image-dark-grey\/","title":{"rendered":"Talne plo\u0161\u010dice Cinca Image Dark Grey"},"content":{"rendered":"<p>Cinca Image Dark Grey je plo\u0161\u010dica proizvajalca Cinca in prihaja iz Portugalske. Velikost te plo\u0161\u010dice je 33&#215;33 cm. Cinca Image Dark Grey je na voljo po zelo ugodni ceni 18,6 EUR. Ta kerami\u010dna plo\u0161\u010dica v \u010dudoviti sivi barvi bo obogatila vsak prostor. Plo\u0161\u010dica je debela kar 8 mm, kar jo uvr\u0161\u010da med bolj trde plo\u0161\u010dice.<\/p>\n<p>Kliknite na ime kolekcije za ogled vseh plo\u0161\u010dic iz te serije: <a class=\"pdfcatal\" href=\"\/\/www.ceramictiles.com\/pdf\/cinca\/catalogue_cinca_image.pdf\" onclick=\"recordOutboundLink(this, 'E-mail', 'Description PDF');return false;\">Cinca Image<\/a><\/p>\n<p>\u010ce \u017eelite naro\u010diti model iz pdf kataloga te kolekcije, nam pi\u0161ite na: <a href=\"mailto:keramoteka.salon@gmail.com\" onclick=\"recordOutboundLink(this, 'E-mail', 'Description mail');return false;\">keramoteka.salon@gmail.com<\/a> ali pa nas pokli\u010dite na: 031 255 900.<\/p>\n<p>Technical description: <br \/> F 33&#215;33  <br \/>Image Cinza Claro ; Image Cinza M\u00e9dio ; Image Cinza Escuro ; Image Bege ; Image Bege Areia ; Image Rosa ;<\/p>\n","protected":false},"excerpt":{"rendered":"<p>Cinca Image Dark Grey je plo\u0161\u010dica proizvajalca Cinca in prihaja iz Portugalske. Velikost te plo\u0161\u010dice je 33&#215;33 cm. Cinca Image Dark Grey je na voljo po zelo ugodni ceni 18,6 EUR. Ta kerami\u010dna plo\u0161\u010dica v \u010dudoviti sivi barvi bo obogatila vsak prostor. Plo\u0161\u010dica je debela kar 8 mm, kar jo uvr\u0161\u010da med bolj trde plo\u0161\u010dice. [&hellip;]<\/p>\n","protected":false},"featured_media":102935,"template":"","meta":[],"product_cat":[999968,200,999,290,240],"product_tag":[],"_links":{"self":[{"href":"https:\/\/www.keramika.com\/slovenija\/wp-json\/wp\/v2\/product\/102934"}],"collection":[{"href":"https:\/\/www.keramika.com\/slovenija\/wp-json\/wp\/v2\/product"}],"about":[{"href":"https:\/\/www.keramika.com\/slovenija\/wp-json\/wp\/v2\/types\/product"}],"wp:featuredmedia":[{"embeddable":true,"href":"https:\/\/www.keramika.com\/slovenija\/wp-json\/wp\/v2\/media\/102935"}],"wp:attachment":[{"href":"https:\/\/www.keramika.com\/slovenija\/wp-json\/wp\/v2\/media?parent=102934"}],"wp:term":[{"taxonomy":"product_cat","embeddable":true,"href":"https:\/\/www.keramika.com\/slovenija\/wp-json\/wp\/v2\/product_cat?post=102934"},{"taxonomy":"product_tag","embeddable":true,"href":"https:\/\/www.keramika.com\/slovenija\/wp-json\/wp\/v2\/product_tag?post=102934"}],"curies":[{"name":"wp","href":"https:\/\/api.w.org\/{rel}","templated":true}]}}