{"id":102928,"date":"2017-03-22T23:22:56","date_gmt":"2017-03-22T23:22:56","guid":{"rendered":"http:\/\/keramika.holest.com\/slovenija\/product\/talne-porcelan-ploscice-cinca-homero-leather\/"},"modified":"2026-01-02T00:02:44","modified_gmt":"2026-01-02T00:02:44","slug":"talne-porcelan-ploscice-cinca-homero-leather","status":"publish","type":"product","link":"https:\/\/www.keramika.com\/slovenija\/talne-porcelan-ploscice-cinca-homero-leather\/","title":{"rendered":"Talne porcelan plo\u0161\u010dice Cinca Homero Leather"},"content":{"rendered":"<p>Pri izbiri plo\u0161\u010dice v rjavi barvi ne morete zgre\u0161iti. Redna cena te plo\u0161\u010dice v maloprodaji zna\u0161a 26,75 EUR, v na\u0161i spletni trgovini pa jo lahko dobite \u017ee za 21,4 EUR. Prihaja iz Portugalske, ki po svetu slovi kot ena bolj\u0161ih proizvajalk kerami\u010dnih plo\u0161\u010dic. Velikost te plo\u0161\u010dice je 33&#215;33 cm in je primerna za razli\u010dne povr\u0161ine. Debelina plo\u0161\u010dice je zelo pomembna in 8 mm uvr\u0161\u010da to plo\u0161\u010dico med najkvalitetnej\u0161e.<\/p>\n<p>Kliknite na ime kolekcije za ogled vseh plo\u0161\u010dic iz te serije: <a class=\"pdfcatal\" href=\"\/\/www.ceramictiles.com\/pdf\/cinca\/catalogue_cinca_homero.pdf\" onclick=\"recordOutboundLink(this, 'E-mail', 'Description PDF');return false;\">Cinca Homero<\/a><\/p>\n<p>\u010ce \u017eelite naro\u010diti model iz pdf kataloga te kolekcije, nam pi\u0161ite na: <a href=\"mailto:keramoteka.salon@gmail.com\" onclick=\"recordOutboundLink(this, 'E-mail', 'Description mail');return false;\">keramoteka.salon@gmail.com<\/a> ali pa nas pokli\u010dite na: 031 255 900.<\/p>\n<p>Technical description: <br \/> F 40&#215;40 ; 33&#215;33 <br \/>Homero Marfim ; Homero Cinza ; Homero Bege ; Homero Antracite ; Homero Couro ;<\/p>\n","protected":false},"excerpt":{"rendered":"<p>Pri izbiri plo\u0161\u010dice v rjavi barvi ne morete zgre\u0161iti. Redna cena te plo\u0161\u010dice v maloprodaji zna\u0161a 26,75 EUR, v na\u0161i spletni trgovini pa jo lahko dobite \u017ee za 21,4 EUR. Prihaja iz Portugalske, ki po svetu slovi kot ena bolj\u0161ih proizvajalk kerami\u010dnih plo\u0161\u010dic. Velikost te plo\u0161\u010dice je 33&#215;33 cm in je primerna za razli\u010dne povr\u0161ine. [&hellip;]<\/p>\n","protected":false},"featured_media":102929,"template":"","meta":[],"product_cat":[999968,200,230,999,240],"product_tag":[],"_links":{"self":[{"href":"https:\/\/www.keramika.com\/slovenija\/wp-json\/wp\/v2\/product\/102928"}],"collection":[{"href":"https:\/\/www.keramika.com\/slovenija\/wp-json\/wp\/v2\/product"}],"about":[{"href":"https:\/\/www.keramika.com\/slovenija\/wp-json\/wp\/v2\/types\/product"}],"wp:featuredmedia":[{"embeddable":true,"href":"https:\/\/www.keramika.com\/slovenija\/wp-json\/wp\/v2\/media\/102929"}],"wp:attachment":[{"href":"https:\/\/www.keramika.com\/slovenija\/wp-json\/wp\/v2\/media?parent=102928"}],"wp:term":[{"taxonomy":"product_cat","embeddable":true,"href":"https:\/\/www.keramika.com\/slovenija\/wp-json\/wp\/v2\/product_cat?post=102928"},{"taxonomy":"product_tag","embeddable":true,"href":"https:\/\/www.keramika.com\/slovenija\/wp-json\/wp\/v2\/product_tag?post=102928"}],"curies":[{"name":"wp","href":"https:\/\/api.w.org\/{rel}","templated":true}]}}